{"id":67,"date":"2019-07-08T03:20:25","date_gmt":"2019-07-08T01:20:25","guid":{"rendered":"http:\/\/monpazier.adoreed.fr\/?page_id=67"},"modified":"2025-08-01T11:01:13","modified_gmt":"2025-08-01T09:01:13","slug":"pour-votre-hebergement","status":"publish","type":"page","link":"https:\/\/monpazier.adoreed.fr\/index.php\/pour-votre-hebergement\/","title":{"rendered":"Organiser votre s\u00e9jour"},"content":{"rendered":"\t\t<div data-elementor-type=\"wp-post\" data-elementor-id=\"67\" class=\"elementor elementor-67\">\n\t\t\t\t\t\t<section class=\"elementor-section elementor-top-section elementor-element elementor-element-e63572b elementor-section-boxed elementor-section-height-default elementor-section-height-default\" data-id=\"e63572b\" data-element_type=\"section\" data-e-type=\"section\">\n\t\t\t\t\t\t<div class=\"elementor-container elementor-column-gap-default\">\n\t\t\t\t\t<div class=\"elementor-column elementor-col-100 elementor-top-column elementor-element elementor-element-4ee450e\" data-id=\"4ee450e\" data-element_type=\"column\" data-e-type=\"column\">\n\t\t\t<div class=\"elementor-widget-wrap elementor-element-populated\">\n\t\t\t\t\t\t<div class=\"elementor-element elementor-element-b41f1d9 elementor-widget elementor-widget-heading\" data-id=\"b41f1d9\" data-element_type=\"widget\" data-e-type=\"widget\" data-widget_type=\"heading.default\">\n\t\t\t\t<div class=\"elementor-widget-container\">\n\t\t\t\t\t<h2 class=\"elementor-heading-title elementor-size-default\">Votre h\u00e9bergement<\/h2>\t\t\t\t<\/div>\n\t\t\t\t<\/div>\n\t\t\t\t<div class=\"elementor-element elementor-element-0f7918b elementor-widget elementor-widget-text-editor\" data-id=\"0f7918b\" data-element_type=\"widget\" data-e-type=\"widget\" data-widget_type=\"text-editor.default\">\n\t\t\t\t<div class=\"elementor-widget-container\">\n\t\t\t\t\t\t\t\t\t<table border=\"0\" width=\"842\">\n<tbody>\n<tr>\n<td>G\u00eetes, chambres d&rsquo;h\u00f4tes, h\u00f4tels, campings, les diff\u00e9rentes formules d&rsquo;h\u00e9bergement ne manquent pas dans notre r\u00e9gion (trop) touristique. Donc, une recherche bien cibl\u00e9e avec par exemple <a href=\"http:\/\/www.google.fr\" target=\"_blank\" rel=\"noopener\">celui qui est ton ami<\/a> ou avec un autre, devrait vous permettre de trouver le nid douillet ou vous pourrez vous reposer apr\u00e8s une longue et rude journ\u00e9e.<\/td>\n<\/tr>\n<tr>\n<td>Voici toutefois quelques adresses utiles :<\/td>\n<\/tr>\n<\/tbody>\n<\/table>\n<table border=\"0\" width=\"842\">\n<tbody>\n<tr>\n<td valign=\"top\" width=\"383\" height=\"100\">\n<p><a href=\"http:\/\/www.pays-des-bastides.com\/\" target=\"_blank\" rel=\"noopener\">Office de tourisme Monpazier<\/a><\/p>\n<p>Place des Corni\u00e8res,<br>24540 MONPAZIER<br>T\u00e9l : +33 (0)553226859<\/p>\n<\/td>\n<td valign=\"top\" width=\"449\">\n<p><a href=\"http:\/\/www.tourisme-beaumontduperigord.com\/\" target=\"_blank\" rel=\"noopener\">Office de tourisme Beaumont du P\u00e9rigord<\/a><\/p>\n<p>\u00e0 15 km de Monpazier<br>16 Place Jean Moulin<br>24440 &nbsp; BEAUMONT DU PERIGORD<br>T\u00e9l\u00e9phone : +33 (0)5 53 22 39 12<\/p>\n<\/td>\n<\/tr>\n<tr>\n<td>\n<p><a href=\"http:\/\/www.tourisme-belves.com\/\" target=\"_blank\" rel=\"noopener\">Office de tourisme Belv\u00e8s<\/a><\/p>\n<p>\u00e0 16 km de Monpazier<br>1, rue des Filhols<br>24170 &nbsp; BELVES<br>T\u00e9l\u00e9phone : +33 (0)5 53 29 10 20<\/p>\n<\/td>\n<td valign=\"top\">\n<p><a href=\"http:\/\/www.tourisme.perigord-fr.com\/\" target=\"_blank\" rel=\"noopener\">Office de tourisme Villefranche du P\u00e9rigord<\/a><\/p>\n<p>\u00e0 20 km de Monpazier<br>Rue Notre-Dame,<br>24550 &nbsp; VILLEFRANCHE DU PERIGORD<br>T\u00e9l\u00e9phone : +33 (0)5 53 29 98 37<\/p>\n<\/td>\n<\/tr>\n<\/tbody>\n<\/table>\n<p>ainsi que quelques propositions d&rsquo;h\u00e9bergement&nbsp; :<\/p>\n<ul>\n<li>Un camping avec remises accord\u00e9es aux participants (<a href=\"https:\/\/europe.huttopia.com\/site\/vallee-du-lot\/\" target=\"_blank\">https:\/\/europe.huttopia.com\/site\/vallee-du-lot\/<\/a>)<\/li>\n<li>Gites <a href=\"https:\/\/www.beauchampdordogne.com\/\">Beauchamp<\/a><\/li>\n<li>Camping <a href=\"http:\/\/camping-fontaine-roc.com\/\">Fontaine du Roc<\/a> \u00e0 D\u00e9villac<\/li>\n<li>maison de village \u00e0 Belv\u00e8s avec 2 couchages (19 mn de Marsales; distance : 16,5 kms) &#8211; Contact Magalie Sicard 06 78 46 68 47<\/li>\n<li>appartement pour 4 personnes \u00e0 Vergt de Biron (<a href=\"https:\/\/www.leboncoin.fr\/vi\/1456886116.htm\/\" target=\"_blank\" rel=\"noopener\">https:\/\/www.leboncoin.fr\/vi\/1456886116.htm\/<\/a>)<\/li>\n<li>maison \u00e0 louer \u00e0 proximit\u00e9 de l&rsquo;hippodrome (<a href=\"http:\/\/marsales24.free.fr\/\" target=\"_blank\" rel=\"noopener\">http:\/\/marsales24.free.fr\/<\/a>)<\/li>\n<li>h\u00e9bergement en g\u00eetes non loin de Monpazier (<a href=\"http:\/\/gites-jeanquet.com\/\" target=\"_blank\" rel=\"noopener\">http:\/\/gites-jeanquet.com\/<\/a>) et aussi \u00ab\u00a0<a href=\"http:\/\/gitesenperigord.canalblog.com\/\" target=\"_blank\" rel=\"noopener\">Les gites des 4 chemins<\/a>\u00ab\u00a0<\/li>\n<li>des chambres sont \u00e0 louer \u00e0 Vergt-de-Biron (\u00e0 moins de 10 minutes de Monpazier), au lieu-dit CLADET, contact au 06 11 19 29 61.<\/li>\n<li>maison avec 3 chambres \u00e0 louer \u00e0 Biron (au pied du chateau, \u00e0 moins de 10 minutes de Monpazier), contacter Charlotte au 06 51 31 12 31.<\/li>\n<li>des g\u00eetes sont disponibles \u00e0 Salles de Belv\u00e8s (environ 10 minutes de Monpazier) \u00e0 voir sur <a href=\"http:\/\/www.lebosgites.fr\" target=\"_blank\" rel=\"noopener\">http:\/\/www.lebosgites.fr<\/a> (t\u00e9l. 05 53 30 40 90).<\/li>\n<li>et encore un g\u00eete, \u00ab\u00a0Le gros ch\u00e2taignier\u00a0\u00bb pouvant accueillir jusqu&rsquo;\u00e0 8 personnes \u00e0 c\u00f4t\u00e9 de Prats-du-P\u00e9rigord (environ 15 minutes de Monpazier), contact au 05 53 29 99 19 ou par mail \u00e0 <a href=\"mailto:caroline_vignaud@orange.fr\" target=\"_blank\" rel=\"noopener\">Caro<\/a> .<\/li>\n<li>maison \u00e0 Marsal\u00e8s (Les Taillades), contact : Me Lafon au 06 84 61 41 07 (<a href=\"mailto:alafon1@sfr.fr\" target=\"_blank\" rel=\"noopener\">alafon1<\/a>)<\/li>\n<li>studio et une grande maison avec piscine privative, 8 et 10 personnes, contacter Mr MALLET Jean-Luc au 05 53 22 63 20 pour plus de pr\u00e9cisions.<\/li>\n<li>pour les adeptes du camping, \u00ab\u00a0<a href=\"http:\/\/www.camping-laspatrasses.com\/\" target=\"_blank\" rel=\"noopener\">Las Patrasses<\/a>\u00ab\u00a0, ex QG du concours d&rsquo;endurance de Biron, \u00e0 pas loin de Monpazier, vous accueillent vous et vos montures avec possibilit\u00e9 de paddocks sur place et aussi \u00ab\u00a0<a href=\"https:\/\/www.moulindedavid.com\/\" target=\"_blank\" rel=\"noopener\">Le moulin de David<\/a>\u00ab\u00a0.<\/li>\n<li>une maison (160 m2 avec piscine) avec 6 couchages et la possibilit\u00e9 de recevoir des chevaux (boxes et\/ou paddocks et\/ou pr\u00e9). Elle est situ\u00e9e \u00e0 2 km de Monpazier sur la boucle orange. Contactez : Mr Henry 0623262728 ou par mail <a href=\"mailto:henrych@orange.fr\" target=\"_blank\" rel=\"noopener\">henrych<\/a><\/li>\n<li>un appartement avec 2 chambres dans le centre de Monpazier, contact au&nbsp;06 78 32 00 59 ou&nbsp;06 62 74 33 62<\/li>\n<li>une maison avec 3 chambres situ\u00e9e sur la commune de Gaugeac (\u00e0 proximit\u00e9 du dernier point d&rsquo;assistance de la boucle bleue, donc pas loin de l&rsquo;hippodrome), contacter Mr BERNET au 06 89 49 43 43<\/li>\n<li>plusieurs g\u00eetes \u00e0 Labouquerie (10 minutes de Monpazier) : <a href=\"http:\/\/gitesenperigord.canalblog.com\/\" target=\"_blank\" rel=\"noopener\">http:\/\/gitesenperigord.canalblog.com\/<\/a><\/li>\n<li>Et encore des g\u00eetes <a href=\"https:\/\/coquillespourpres.fr\/\" target=\"_blank\" rel=\"noopener\">https:\/\/coquillespourpres.fr\/<\/a><\/li>\n<\/ul>\t\t\t\t\t\t\t\t<\/div>\n\t\t\t\t<\/div>\n\t\t\t\t\t<\/div>\n\t\t<\/div>\n\t\t\t\t\t<\/div>\n\t\t<\/section>\n\t\t\t\t<section class=\"elementor-section elementor-top-section elementor-element elementor-element-f648c22 elementor-section-boxed elementor-section-height-default elementor-section-height-default\" data-id=\"f648c22\" data-element_type=\"section\" data-e-type=\"section\">\n\t\t\t\t\t\t<div class=\"elementor-container elementor-column-gap-default\">\n\t\t\t\t\t<div class=\"elementor-column elementor-col-100 elementor-top-column elementor-element elementor-element-38f11c7\" data-id=\"38f11c7\" data-element_type=\"column\" data-e-type=\"column\">\n\t\t\t<div class=\"elementor-widget-wrap elementor-element-populated\">\n\t\t\t\t\t\t<div class=\"elementor-element elementor-element-288b1d3 elementor-widget elementor-widget-heading\" data-id=\"288b1d3\" data-element_type=\"widget\" data-e-type=\"widget\" data-widget_type=\"heading.default\">\n\t\t\t\t<div class=\"elementor-widget-container\">\n\t\t\t\t\t<h2 class=\"elementor-heading-title elementor-size-default\">Ravitaillement et shopping<\/h2>\t\t\t\t<\/div>\n\t\t\t\t<\/div>\n\t\t\t\t<div class=\"elementor-element elementor-element-927d8a1 elementor-widget elementor-widget-text-editor\" data-id=\"927d8a1\" data-element_type=\"widget\" data-e-type=\"widget\" data-widget_type=\"text-editor.default\">\n\t\t\t\t<div class=\"elementor-widget-container\">\n\t\t\t\t\t\t\t\t\t<p>Vous trouverez dans Monpazier tous les commerces et services de proximit\u00e9 (\u00e9piceries, tabacs, pharmacie, boucheries, boulangeries, bureau de poste, restos&#8230;) ainsi que de nombreuses boutiques. N&rsquo;h\u00e9sitez pas \u00e0 aller vous promener \u00e0 l&rsquo;int\u00e9rieur des murs de cette charmante <a href=\"https:\/\/www.monpazier.fr\/\" target=\"_blank\" rel=\"noopener\">bastide<\/a>.<\/p><p>Pour le ravitaillement en gros, ceux qui aiment pousser un chariot trouverons un supermarch\u00e9 \u00ab\u00a0Intermarch\u00e9\u00a0\u00bb \u00e0 Viller\u00e9al (15 km de Monpazier).<\/p>\t\t\t\t\t\t\t\t<\/div>\n\t\t\t\t<\/div>\n\t\t\t\t\t<\/div>\n\t\t<\/div>\n\t\t\t\t\t<\/div>\n\t\t<\/section>\n\t\t\t\t<\/div>\n\t\t","protected":false},"excerpt":{"rendered":"<p>Votre h\u00e9bergement G\u00eetes, chambres d&rsquo;h\u00f4tes, h\u00f4tels, campings, les diff\u00e9rentes formules d&rsquo;h\u00e9bergement ne manquent pas dans notre r\u00e9gion (trop) touristique. Donc, une recherche bien cibl\u00e9e avec par exemple celui qui est ton ami ou avec un autre, devrait vous permettre de trouver le nid douillet ou vous pourrez vous reposer apr\u00e8s une longue et rude journ\u00e9e.&hellip; <br \/> <a class=\"read-more\" href=\"https:\/\/monpazier.adoreed.fr\/index.php\/pour-votre-hebergement\/\">Lire la suite<\/a><\/p>\n","protected":false},"author":1,"featured_media":89,"parent":0,"menu_order":0,"comment_status":"closed","ping_status":"closed","template":"","meta":{"footnotes":""},"class_list":["post-67","page","type-page","status-publish","has-post-thumbnail","hentry"],"yoast_head":"<!-- This site is optimized with the Yoast SEO plugin v27.6 - https:\/\/yoast.com\/product\/yoast-seo-wordpress\/ -->\n<title>Organiser votre s\u00e9jour - ENDURANCE EQUESTRE MONPAZIER<\/title>\n<meta name=\"robots\" content=\"index, follow, max-snippet:-1, max-image-preview:large, max-video-preview:-1\" \/>\n<link rel=\"canonical\" href=\"https:\/\/monpazier.adoreed.fr\/index.php\/pour-votre-hebergement\/\" \/>\n<meta property=\"og:locale\" content=\"fr_FR\" \/>\n<meta property=\"og:type\" content=\"article\" \/>\n<meta property=\"og:title\" content=\"Organiser votre s\u00e9jour - ENDURANCE EQUESTRE MONPAZIER\" \/>\n<meta property=\"og:description\" content=\"Votre h\u00e9bergement G\u00eetes, chambres d&rsquo;h\u00f4tes, h\u00f4tels, campings, les diff\u00e9rentes formules d&rsquo;h\u00e9bergement ne manquent pas dans notre r\u00e9gion (trop) touristique. Donc, une recherche bien cibl\u00e9e avec par exemple celui qui est ton ami ou avec un autre, devrait vous permettre de trouver le nid douillet ou vous pourrez vous reposer apr\u00e8s une longue et rude journ\u00e9e.&hellip; Lire la suite\" \/>\n<meta property=\"og:url\" content=\"https:\/\/monpazier.adoreed.fr\/index.php\/pour-votre-hebergement\/\" \/>\n<meta property=\"og:site_name\" content=\"ENDURANCE EQUESTRE MONPAZIER\" \/>\n<meta property=\"article:modified_time\" content=\"2025-08-01T09:01:13+00:00\" \/>\n<meta property=\"og:image\" content=\"https:\/\/monpazier.adoreed.fr\/wp-content\/uploads\/2019\/07\/assist1.jpg\" \/>\n\t<meta property=\"og:image:width\" content=\"618\" \/>\n\t<meta property=\"og:image:height\" content=\"408\" \/>\n\t<meta property=\"og:image:type\" content=\"image\/jpeg\" \/>\n<meta name=\"twitter:card\" content=\"summary_large_image\" \/>\n<meta name=\"twitter:label1\" content=\"Dur\u00e9e de lecture estim\u00e9e\" \/>\n\t<meta name=\"twitter:data1\" content=\"3 minutes\" \/>\n<script type=\"application\/ld+json\" class=\"yoast-schema-graph\">{\"@context\":\"https:\\\/\\\/schema.org\",\"@graph\":[{\"@type\":\"WebPage\",\"@id\":\"https:\\\/\\\/monpazier.adoreed.fr\\\/index.php\\\/pour-votre-hebergement\\\/\",\"url\":\"https:\\\/\\\/monpazier.adoreed.fr\\\/index.php\\\/pour-votre-hebergement\\\/\",\"name\":\"Organiser votre s\u00e9jour - ENDURANCE EQUESTRE MONPAZIER\",\"isPartOf\":{\"@id\":\"https:\\\/\\\/monpazier.adoreed.fr\\\/#website\"},\"primaryImageOfPage\":{\"@id\":\"https:\\\/\\\/monpazier.adoreed.fr\\\/index.php\\\/pour-votre-hebergement\\\/#primaryimage\"},\"image\":{\"@id\":\"https:\\\/\\\/monpazier.adoreed.fr\\\/index.php\\\/pour-votre-hebergement\\\/#primaryimage\"},\"thumbnailUrl\":\"https:\\\/\\\/monpazier.adoreed.fr\\\/wp-content\\\/uploads\\\/2019\\\/07\\\/assist1.jpg\",\"datePublished\":\"2019-07-08T01:20:25+00:00\",\"dateModified\":\"2025-08-01T09:01:13+00:00\",\"breadcrumb\":{\"@id\":\"https:\\\/\\\/monpazier.adoreed.fr\\\/index.php\\\/pour-votre-hebergement\\\/#breadcrumb\"},\"inLanguage\":\"fr-FR\",\"potentialAction\":[{\"@type\":\"ReadAction\",\"target\":[\"https:\\\/\\\/monpazier.adoreed.fr\\\/index.php\\\/pour-votre-hebergement\\\/\"]}]},{\"@type\":\"ImageObject\",\"inLanguage\":\"fr-FR\",\"@id\":\"https:\\\/\\\/monpazier.adoreed.fr\\\/index.php\\\/pour-votre-hebergement\\\/#primaryimage\",\"url\":\"https:\\\/\\\/monpazier.adoreed.fr\\\/wp-content\\\/uploads\\\/2019\\\/07\\\/assist1.jpg\",\"contentUrl\":\"https:\\\/\\\/monpazier.adoreed.fr\\\/wp-content\\\/uploads\\\/2019\\\/07\\\/assist1.jpg\",\"width\":618,\"height\":408},{\"@type\":\"BreadcrumbList\",\"@id\":\"https:\\\/\\\/monpazier.adoreed.fr\\\/index.php\\\/pour-votre-hebergement\\\/#breadcrumb\",\"itemListElement\":[{\"@type\":\"ListItem\",\"position\":1,\"name\":\"Accueil\",\"item\":\"https:\\\/\\\/monpazier.adoreed.fr\\\/\"},{\"@type\":\"ListItem\",\"position\":2,\"name\":\"Organiser votre s\u00e9jour\"}]},{\"@type\":\"WebSite\",\"@id\":\"https:\\\/\\\/monpazier.adoreed.fr\\\/#website\",\"url\":\"https:\\\/\\\/monpazier.adoreed.fr\\\/\",\"name\":\"ENDURANCE EQUESTRE MONPAZIER\",\"description\":\"\",\"potentialAction\":[{\"@type\":\"SearchAction\",\"target\":{\"@type\":\"EntryPoint\",\"urlTemplate\":\"https:\\\/\\\/monpazier.adoreed.fr\\\/?s={search_term_string}\"},\"query-input\":{\"@type\":\"PropertyValueSpecification\",\"valueRequired\":true,\"valueName\":\"search_term_string\"}}],\"inLanguage\":\"fr-FR\"}]}<\/script>\n<!-- \/ Yoast SEO plugin. -->","yoast_head_json":{"title":"Organiser votre s\u00e9jour - ENDURANCE EQUESTRE MONPAZIER","robots":{"index":"index","follow":"follow","max-snippet":"max-snippet:-1","max-image-preview":"max-image-preview:large","max-video-preview":"max-video-preview:-1"},"canonical":"https:\/\/monpazier.adoreed.fr\/index.php\/pour-votre-hebergement\/","og_locale":"fr_FR","og_type":"article","og_title":"Organiser votre s\u00e9jour - ENDURANCE EQUESTRE MONPAZIER","og_description":"Votre h\u00e9bergement G\u00eetes, chambres d&rsquo;h\u00f4tes, h\u00f4tels, campings, les diff\u00e9rentes formules d&rsquo;h\u00e9bergement ne manquent pas dans notre r\u00e9gion (trop) touristique. Donc, une recherche bien cibl\u00e9e avec par exemple celui qui est ton ami ou avec un autre, devrait vous permettre de trouver le nid douillet ou vous pourrez vous reposer apr\u00e8s une longue et rude journ\u00e9e.&hellip; Lire la suite","og_url":"https:\/\/monpazier.adoreed.fr\/index.php\/pour-votre-hebergement\/","og_site_name":"ENDURANCE EQUESTRE MONPAZIER","article_modified_time":"2025-08-01T09:01:13+00:00","og_image":[{"width":618,"height":408,"url":"https:\/\/monpazier.adoreed.fr\/wp-content\/uploads\/2019\/07\/assist1.jpg","type":"image\/jpeg"}],"twitter_card":"summary_large_image","twitter_misc":{"Dur\u00e9e de lecture estim\u00e9e":"3 minutes"},"schema":{"@context":"https:\/\/schema.org","@graph":[{"@type":"WebPage","@id":"https:\/\/monpazier.adoreed.fr\/index.php\/pour-votre-hebergement\/","url":"https:\/\/monpazier.adoreed.fr\/index.php\/pour-votre-hebergement\/","name":"Organiser votre s\u00e9jour - ENDURANCE EQUESTRE MONPAZIER","isPartOf":{"@id":"https:\/\/monpazier.adoreed.fr\/#website"},"primaryImageOfPage":{"@id":"https:\/\/monpazier.adoreed.fr\/index.php\/pour-votre-hebergement\/#primaryimage"},"image":{"@id":"https:\/\/monpazier.adoreed.fr\/index.php\/pour-votre-hebergement\/#primaryimage"},"thumbnailUrl":"https:\/\/monpazier.adoreed.fr\/wp-content\/uploads\/2019\/07\/assist1.jpg","datePublished":"2019-07-08T01:20:25+00:00","dateModified":"2025-08-01T09:01:13+00:00","breadcrumb":{"@id":"https:\/\/monpazier.adoreed.fr\/index.php\/pour-votre-hebergement\/#breadcrumb"},"inLanguage":"fr-FR","potentialAction":[{"@type":"ReadAction","target":["https:\/\/monpazier.adoreed.fr\/index.php\/pour-votre-hebergement\/"]}]},{"@type":"ImageObject","inLanguage":"fr-FR","@id":"https:\/\/monpazier.adoreed.fr\/index.php\/pour-votre-hebergement\/#primaryimage","url":"https:\/\/monpazier.adoreed.fr\/wp-content\/uploads\/2019\/07\/assist1.jpg","contentUrl":"https:\/\/monpazier.adoreed.fr\/wp-content\/uploads\/2019\/07\/assist1.jpg","width":618,"height":408},{"@type":"BreadcrumbList","@id":"https:\/\/monpazier.adoreed.fr\/index.php\/pour-votre-hebergement\/#breadcrumb","itemListElement":[{"@type":"ListItem","position":1,"name":"Accueil","item":"https:\/\/monpazier.adoreed.fr\/"},{"@type":"ListItem","position":2,"name":"Organiser votre s\u00e9jour"}]},{"@type":"WebSite","@id":"https:\/\/monpazier.adoreed.fr\/#website","url":"https:\/\/monpazier.adoreed.fr\/","name":"ENDURANCE EQUESTRE MONPAZIER","description":"","potentialAction":[{"@type":"SearchAction","target":{"@type":"EntryPoint","urlTemplate":"https:\/\/monpazier.adoreed.fr\/?s={search_term_string}"},"query-input":{"@type":"PropertyValueSpecification","valueRequired":true,"valueName":"search_term_string"}}],"inLanguage":"fr-FR"}]}},"_links":{"self":[{"href":"https:\/\/monpazier.adoreed.fr\/index.php\/wp-json\/wp\/v2\/pages\/67","targetHints":{"allow":["GET"]}}],"collection":[{"href":"https:\/\/monpazier.adoreed.fr\/index.php\/wp-json\/wp\/v2\/pages"}],"about":[{"href":"https:\/\/monpazier.adoreed.fr\/index.php\/wp-json\/wp\/v2\/types\/page"}],"author":[{"embeddable":true,"href":"https:\/\/monpazier.adoreed.fr\/index.php\/wp-json\/wp\/v2\/users\/1"}],"replies":[{"embeddable":true,"href":"https:\/\/monpazier.adoreed.fr\/index.php\/wp-json\/wp\/v2\/comments?post=67"}],"version-history":[{"count":40,"href":"https:\/\/monpazier.adoreed.fr\/index.php\/wp-json\/wp\/v2\/pages\/67\/revisions"}],"predecessor-version":[{"id":945,"href":"https:\/\/monpazier.adoreed.fr\/index.php\/wp-json\/wp\/v2\/pages\/67\/revisions\/945"}],"wp:featuredmedia":[{"embeddable":true,"href":"https:\/\/monpazier.adoreed.fr\/index.php\/wp-json\/wp\/v2\/media\/89"}],"wp:attachment":[{"href":"https:\/\/monpazier.adoreed.fr\/index.php\/wp-json\/wp\/v2\/media?parent=67"}],"curies":[{"name":"wp","href":"https:\/\/api.w.org\/{rel}","templated":true}]}}