{"id":476,"date":"2019-08-27T14:56:17","date_gmt":"2019-08-27T12:56:17","guid":{"rendered":"http:\/\/monpazier.adoreed.fr\/?page_id=476"},"modified":"2019-08-27T14:58:21","modified_gmt":"2019-08-27T12:58:21","slug":"liens-vers-les-sites-des-zamis-et-partenaires","status":"publish","type":"page","link":"https:\/\/monpazier.adoreed.fr\/index.php\/liens-vers-les-sites-des-zamis-et-partenaires\/","title":{"rendered":"Liens vers les sites des z&rsquo;amis et partenaires"},"content":{"rendered":"\t\t<div data-elementor-type=\"wp-post\" data-elementor-id=\"476\" class=\"elementor elementor-476\">\n\t\t\t\t\t\t<section class=\"elementor-section elementor-top-section elementor-element elementor-element-21ad4bf elementor-section-boxed elementor-section-height-default elementor-section-height-default\" data-id=\"21ad4bf\" data-element_type=\"section\" data-e-type=\"section\">\n\t\t\t\t\t\t<div class=\"elementor-container elementor-column-gap-default\">\n\t\t\t\t\t<div class=\"elementor-column elementor-col-100 elementor-top-column elementor-element elementor-element-be16ff9\" data-id=\"be16ff9\" data-element_type=\"column\" data-e-type=\"column\">\n\t\t\t<div class=\"elementor-widget-wrap elementor-element-populated\">\n\t\t\t\t\t\t<div class=\"elementor-element elementor-element-a4dca8f elementor-widget elementor-widget-shortcode\" data-id=\"a4dca8f\" data-element_type=\"widget\" data-e-type=\"widget\" data-widget_type=\"shortcode.default\">\n\t\t\t\t<div class=\"elementor-widget-container\">\n\t\t\t\t\t\t\t<div class=\"elementor-shortcode\">\n<table id=\"tablepress-13\" class=\"tablepress tablepress-id-13\">\n<tbody class=\"row-striping row-hover\">\n<tr class=\"row-1\">\n\t<td class=\"column-1\"><a href=\"https:\/\/www.ffe.com\/\" rel=\"noopener\" target=\"_blank\"><img decoding=\"async\" src=\"https:\/\/monpazier.adoreed.fr\/wp-content\/uploads\/2019\/07\/logo_ffe.png\" alt=\"\" width=\"109\" height=\"85\" class=\"alignnone size-full wp-image-225\" \/><\/a><\/td><td class=\"column-2\">Site institutionnel de la F\u00e9d\u00e9ration Fran\u00e7aise d'\u00c9quitation<\/td>\n<\/tr>\n<tr class=\"row-2\">\n\t<td class=\"column-1\"><a href=\"https:\/\/www.fei.org\/\" rel=\"noopener\" target=\"_blank\"><img decoding=\"async\" src=\"https:\/\/monpazier.adoreed.fr\/wp-content\/uploads\/2019\/07\/logo_fei.png\" alt=\"\" width=\"422\" height=\"76\" class=\"alignnone size-full wp-image-224\" srcset=\"https:\/\/monpazier.adoreed.fr\/wp-content\/uploads\/2019\/07\/logo_fei.png 422w, https:\/\/monpazier.adoreed.fr\/wp-content\/uploads\/2019\/07\/logo_fei-300x54.png 300w\" sizes=\"(max-width: 422px) 100vw, 422px\" \/><\/a><\/td><td class=\"column-2\">Site institutionnel de la F\u00e9d\u00e9ration d\u2019\u00c9quitation Internationale<\/td>\n<\/tr>\n<tr class=\"row-3\">\n\t<td class=\"column-1\"><a href=\"https:\/\/www.nouvelle-aquitaine.fr\" rel=\"noopener\" target=\"_blank\"><img decoding=\"async\" src=\"https:\/\/monpazier.adoreed.fr\/wp-content\/uploads\/2019\/07\/Logo_region.jpg\" alt=\"\" width=\"282\" height=\"116\" class=\"alignnone size-full wp-image-226\" \/><\/a><\/td><td class=\"column-2\">Site institutionnel de la r\u00e9gion Nouvelle Aquitaine<\/td>\n<\/tr>\n<tr class=\"row-4\">\n\t<td class=\"column-1\"><a href=\"https:\/\/www.dordogne.fr\/\" rel=\"noopener\" target=\"_blank\"><img loading=\"lazy\" decoding=\"async\" src=\"https:\/\/monpazier.adoreed.fr\/wp-content\/uploads\/2019\/07\/Logo_departement.jpg\" alt=\"\" width=\"267\" height=\"114\" class=\"alignnone size-full wp-image-223\" srcset=\"https:\/\/monpazier.adoreed.fr\/wp-content\/uploads\/2019\/07\/Logo_departement.jpg 267w, https:\/\/monpazier.adoreed.fr\/wp-content\/uploads\/2019\/07\/Logo_departement-266x114.jpg 266w\" sizes=\"(max-width: 267px) 100vw, 267px\" \/>x<\/a><\/td><td class=\"column-2\">Site institutionnel du d\u00e9partement de la Dordogne<\/td>\n<\/tr>\n<tr class=\"row-5\">\n\t<td class=\"column-1\"><a href=\"https:\/\/www.credit-agricole.fr\/ca-charente-perigord\/particulier.html\" rel=\"noopener\" target=\"_blank\"><img loading=\"lazy\" decoding=\"async\" src=\"https:\/\/monpazier.adoreed.fr\/wp-content\/uploads\/2024\/08\/logo_CACP_140x100.png\" alt=\"\" width=\"140\" height=\"100\" class=\"alignnone size-full wp-image-925\" \/><\/a><\/td><td class=\"column-2\">Site institutionnel du Cr\u00e9dit Agricole Charente-P\u00e9rigord<\/td>\n<\/tr>\n<tr class=\"row-6\">\n\t<td class=\"column-1\"><a href=\"https:\/\/www.lashelmets.com\/en\/\" rel=\"noopener\" target=\"_blank\"><img loading=\"lazy\" decoding=\"async\" src=\"https:\/\/monpazier.adoreed.fr\/wp-content\/uploads\/2024\/08\/LAS-300x99.png\" alt=\"\" width=\"300\" height=\"99\" class=\"alignnone size-medium wp-image-923\" srcset=\"https:\/\/monpazier.adoreed.fr\/wp-content\/uploads\/2024\/08\/LAS-300x99.png 300w, https:\/\/monpazier.adoreed.fr\/wp-content\/uploads\/2024\/08\/LAS-1024x339.png 1024w, https:\/\/monpazier.adoreed.fr\/wp-content\/uploads\/2024\/08\/LAS-768x254.png 768w, https:\/\/monpazier.adoreed.fr\/wp-content\/uploads\/2024\/08\/LAS.png 1519w\" sizes=\"(max-width: 300px) 100vw, 300px\" \/><\/a><\/td><td class=\"column-2\">LAS, fabricant italien de casques<\/td>\n<\/tr>\n<tr class=\"row-7\">\n\t<td class=\"column-1\"><a href=\"https:\/\/www.hauteyerle.fr\/\" rel=\"noopener\" target=\"_blank\"><img loading=\"lazy\" decoding=\"async\" src=\"https:\/\/monpazier.adoreed.fr\/wp-content\/uploads\/2024\/06\/haute_yerle-1.png\" alt=\"\" width=\"237\" height=\"80\" class=\"alignnone size-full wp-image-871\" \/><\/a><\/td><td class=\"column-2\">Le centre \u00e9questre de l'ancien pr\u00e9sident de notre association Georges Fournier. Pour une rando dans notre P\u00e9rigord ou ailleurs dans le monde.<\/td>\n<\/tr>\n<\/tbody>\n<\/table>\n<!-- #tablepress-13 from cache --><\/div>\n\t\t\t\t\t\t<\/div>\n\t\t\t\t<\/div>\n\t\t\t\t\t<\/div>\n\t\t<\/div>\n\t\t\t\t\t<\/div>\n\t\t<\/section>\n\t\t\t\t<\/div>\n\t\t","protected":false},"excerpt":{"rendered":"","protected":false},"author":1,"featured_media":480,"parent":0,"menu_order":0,"comment_status":"closed","ping_status":"closed","template":"","meta":{"footnotes":""},"class_list":["post-476","page","type-page","status-publish","has-post-thumbnail","hentry"],"yoast_head":"<!-- This site is optimized with the Yoast SEO plugin v27.4 - https:\/\/yoast.com\/product\/yoast-seo-wordpress\/ -->\n<title>Liens vers les sites des z&#039;amis et partenaires - ENDURANCE EQUESTRE MONPAZIER<\/title>\n<meta name=\"robots\" content=\"index, follow, max-snippet:-1, max-image-preview:large, max-video-preview:-1\" \/>\n<link rel=\"canonical\" href=\"https:\/\/monpazier.adoreed.fr\/index.php\/liens-vers-les-sites-des-zamis-et-partenaires\/\" \/>\n<meta property=\"og:locale\" content=\"fr_FR\" \/>\n<meta property=\"og:type\" content=\"article\" \/>\n<meta property=\"og:title\" content=\"Liens vers les sites des z&#039;amis et partenaires - ENDURANCE EQUESTRE MONPAZIER\" \/>\n<meta property=\"og:url\" content=\"https:\/\/monpazier.adoreed.fr\/index.php\/liens-vers-les-sites-des-zamis-et-partenaires\/\" \/>\n<meta property=\"og:site_name\" content=\"ENDURANCE EQUESTRE MONPAZIER\" \/>\n<meta property=\"article:modified_time\" content=\"2019-08-27T12:58:21+00:00\" \/>\n<meta property=\"og:image\" content=\"https:\/\/monpazier.adoreed.fr\/wp-content\/uploads\/2019\/08\/CEI-Monpazier-2012-011-e1566917665530.jpg\" \/>\n\t<meta property=\"og:image:width\" content=\"800\" \/>\n\t<meta property=\"og:image:height\" content=\"262\" \/>\n\t<meta property=\"og:image:type\" content=\"image\/jpeg\" \/>\n<meta name=\"twitter:card\" content=\"summary_large_image\" \/>\n<script type=\"application\/ld+json\" class=\"yoast-schema-graph\">{\"@context\":\"https:\\\/\\\/schema.org\",\"@graph\":[{\"@type\":\"WebPage\",\"@id\":\"https:\\\/\\\/monpazier.adoreed.fr\\\/index.php\\\/liens-vers-les-sites-des-zamis-et-partenaires\\\/\",\"url\":\"https:\\\/\\\/monpazier.adoreed.fr\\\/index.php\\\/liens-vers-les-sites-des-zamis-et-partenaires\\\/\",\"name\":\"Liens vers les sites des z'amis et partenaires - ENDURANCE EQUESTRE MONPAZIER\",\"isPartOf\":{\"@id\":\"https:\\\/\\\/monpazier.adoreed.fr\\\/#website\"},\"primaryImageOfPage\":{\"@id\":\"https:\\\/\\\/monpazier.adoreed.fr\\\/index.php\\\/liens-vers-les-sites-des-zamis-et-partenaires\\\/#primaryimage\"},\"image\":{\"@id\":\"https:\\\/\\\/monpazier.adoreed.fr\\\/index.php\\\/liens-vers-les-sites-des-zamis-et-partenaires\\\/#primaryimage\"},\"thumbnailUrl\":\"https:\\\/\\\/monpazier.adoreed.fr\\\/wp-content\\\/uploads\\\/2019\\\/08\\\/CEI-Monpazier-2012-011-e1566917665530.jpg\",\"datePublished\":\"2019-08-27T12:56:17+00:00\",\"dateModified\":\"2019-08-27T12:58:21+00:00\",\"breadcrumb\":{\"@id\":\"https:\\\/\\\/monpazier.adoreed.fr\\\/index.php\\\/liens-vers-les-sites-des-zamis-et-partenaires\\\/#breadcrumb\"},\"inLanguage\":\"fr-FR\",\"potentialAction\":[{\"@type\":\"ReadAction\",\"target\":[\"https:\\\/\\\/monpazier.adoreed.fr\\\/index.php\\\/liens-vers-les-sites-des-zamis-et-partenaires\\\/\"]}]},{\"@type\":\"ImageObject\",\"inLanguage\":\"fr-FR\",\"@id\":\"https:\\\/\\\/monpazier.adoreed.fr\\\/index.php\\\/liens-vers-les-sites-des-zamis-et-partenaires\\\/#primaryimage\",\"url\":\"https:\\\/\\\/monpazier.adoreed.fr\\\/wp-content\\\/uploads\\\/2019\\\/08\\\/CEI-Monpazier-2012-011-e1566917665530.jpg\",\"contentUrl\":\"https:\\\/\\\/monpazier.adoreed.fr\\\/wp-content\\\/uploads\\\/2019\\\/08\\\/CEI-Monpazier-2012-011-e1566917665530.jpg\",\"width\":800,\"height\":262},{\"@type\":\"BreadcrumbList\",\"@id\":\"https:\\\/\\\/monpazier.adoreed.fr\\\/index.php\\\/liens-vers-les-sites-des-zamis-et-partenaires\\\/#breadcrumb\",\"itemListElement\":[{\"@type\":\"ListItem\",\"position\":1,\"name\":\"Accueil\",\"item\":\"https:\\\/\\\/monpazier.adoreed.fr\\\/\"},{\"@type\":\"ListItem\",\"position\":2,\"name\":\"Liens vers les sites des z&rsquo;amis et partenaires\"}]},{\"@type\":\"WebSite\",\"@id\":\"https:\\\/\\\/monpazier.adoreed.fr\\\/#website\",\"url\":\"https:\\\/\\\/monpazier.adoreed.fr\\\/\",\"name\":\"ENDURANCE EQUESTRE MONPAZIER\",\"description\":\"\",\"potentialAction\":[{\"@type\":\"SearchAction\",\"target\":{\"@type\":\"EntryPoint\",\"urlTemplate\":\"https:\\\/\\\/monpazier.adoreed.fr\\\/?s={search_term_string}\"},\"query-input\":{\"@type\":\"PropertyValueSpecification\",\"valueRequired\":true,\"valueName\":\"search_term_string\"}}],\"inLanguage\":\"fr-FR\"}]}<\/script>\n<!-- \/ Yoast SEO plugin. -->","yoast_head_json":{"title":"Liens vers les sites des z'amis et partenaires - ENDURANCE EQUESTRE MONPAZIER","robots":{"index":"index","follow":"follow","max-snippet":"max-snippet:-1","max-image-preview":"max-image-preview:large","max-video-preview":"max-video-preview:-1"},"canonical":"https:\/\/monpazier.adoreed.fr\/index.php\/liens-vers-les-sites-des-zamis-et-partenaires\/","og_locale":"fr_FR","og_type":"article","og_title":"Liens vers les sites des z'amis et partenaires - ENDURANCE EQUESTRE MONPAZIER","og_url":"https:\/\/monpazier.adoreed.fr\/index.php\/liens-vers-les-sites-des-zamis-et-partenaires\/","og_site_name":"ENDURANCE EQUESTRE MONPAZIER","article_modified_time":"2019-08-27T12:58:21+00:00","og_image":[{"width":800,"height":262,"url":"https:\/\/monpazier.adoreed.fr\/wp-content\/uploads\/2019\/08\/CEI-Monpazier-2012-011-e1566917665530.jpg","type":"image\/jpeg"}],"twitter_card":"summary_large_image","schema":{"@context":"https:\/\/schema.org","@graph":[{"@type":"WebPage","@id":"https:\/\/monpazier.adoreed.fr\/index.php\/liens-vers-les-sites-des-zamis-et-partenaires\/","url":"https:\/\/monpazier.adoreed.fr\/index.php\/liens-vers-les-sites-des-zamis-et-partenaires\/","name":"Liens vers les sites des z'amis et partenaires - ENDURANCE EQUESTRE MONPAZIER","isPartOf":{"@id":"https:\/\/monpazier.adoreed.fr\/#website"},"primaryImageOfPage":{"@id":"https:\/\/monpazier.adoreed.fr\/index.php\/liens-vers-les-sites-des-zamis-et-partenaires\/#primaryimage"},"image":{"@id":"https:\/\/monpazier.adoreed.fr\/index.php\/liens-vers-les-sites-des-zamis-et-partenaires\/#primaryimage"},"thumbnailUrl":"https:\/\/monpazier.adoreed.fr\/wp-content\/uploads\/2019\/08\/CEI-Monpazier-2012-011-e1566917665530.jpg","datePublished":"2019-08-27T12:56:17+00:00","dateModified":"2019-08-27T12:58:21+00:00","breadcrumb":{"@id":"https:\/\/monpazier.adoreed.fr\/index.php\/liens-vers-les-sites-des-zamis-et-partenaires\/#breadcrumb"},"inLanguage":"fr-FR","potentialAction":[{"@type":"ReadAction","target":["https:\/\/monpazier.adoreed.fr\/index.php\/liens-vers-les-sites-des-zamis-et-partenaires\/"]}]},{"@type":"ImageObject","inLanguage":"fr-FR","@id":"https:\/\/monpazier.adoreed.fr\/index.php\/liens-vers-les-sites-des-zamis-et-partenaires\/#primaryimage","url":"https:\/\/monpazier.adoreed.fr\/wp-content\/uploads\/2019\/08\/CEI-Monpazier-2012-011-e1566917665530.jpg","contentUrl":"https:\/\/monpazier.adoreed.fr\/wp-content\/uploads\/2019\/08\/CEI-Monpazier-2012-011-e1566917665530.jpg","width":800,"height":262},{"@type":"BreadcrumbList","@id":"https:\/\/monpazier.adoreed.fr\/index.php\/liens-vers-les-sites-des-zamis-et-partenaires\/#breadcrumb","itemListElement":[{"@type":"ListItem","position":1,"name":"Accueil","item":"https:\/\/monpazier.adoreed.fr\/"},{"@type":"ListItem","position":2,"name":"Liens vers les sites des z&rsquo;amis et partenaires"}]},{"@type":"WebSite","@id":"https:\/\/monpazier.adoreed.fr\/#website","url":"https:\/\/monpazier.adoreed.fr\/","name":"ENDURANCE EQUESTRE MONPAZIER","description":"","potentialAction":[{"@type":"SearchAction","target":{"@type":"EntryPoint","urlTemplate":"https:\/\/monpazier.adoreed.fr\/?s={search_term_string}"},"query-input":{"@type":"PropertyValueSpecification","valueRequired":true,"valueName":"search_term_string"}}],"inLanguage":"fr-FR"}]}},"_links":{"self":[{"href":"https:\/\/monpazier.adoreed.fr\/index.php\/wp-json\/wp\/v2\/pages\/476","targetHints":{"allow":["GET"]}}],"collection":[{"href":"https:\/\/monpazier.adoreed.fr\/index.php\/wp-json\/wp\/v2\/pages"}],"about":[{"href":"https:\/\/monpazier.adoreed.fr\/index.php\/wp-json\/wp\/v2\/types\/page"}],"author":[{"embeddable":true,"href":"https:\/\/monpazier.adoreed.fr\/index.php\/wp-json\/wp\/v2\/users\/1"}],"replies":[{"embeddable":true,"href":"https:\/\/monpazier.adoreed.fr\/index.php\/wp-json\/wp\/v2\/comments?post=476"}],"version-history":[{"count":5,"href":"https:\/\/monpazier.adoreed.fr\/index.php\/wp-json\/wp\/v2\/pages\/476\/revisions"}],"predecessor-version":[{"id":586,"href":"https:\/\/monpazier.adoreed.fr\/index.php\/wp-json\/wp\/v2\/pages\/476\/revisions\/586"}],"wp:featuredmedia":[{"embeddable":true,"href":"https:\/\/monpazier.adoreed.fr\/index.php\/wp-json\/wp\/v2\/media\/480"}],"wp:attachment":[{"href":"https:\/\/monpazier.adoreed.fr\/index.php\/wp-json\/wp\/v2\/media?parent=476"}],"curies":[{"name":"wp","href":"https:\/\/api.w.org\/{rel}","templated":true}]}}