{"id":437,"date":"2019-07-28T22:31:12","date_gmt":"2019-07-28T20:31:12","guid":{"rendered":"http:\/\/monpazier.adoreed.fr\/?page_id=437"},"modified":"2022-06-10T12:50:31","modified_gmt":"2022-06-10T10:50:31","slug":"videos","status":"publish","type":"page","link":"https:\/\/monpazier.adoreed.fr\/index.php\/videos\/","title":{"rendered":"Vid\u00e9os"},"content":{"rendered":"\t\t<div data-elementor-type=\"wp-post\" data-elementor-id=\"437\" class=\"elementor elementor-437\">\n\t\t\t\t\t\t<section class=\"elementor-section elementor-top-section elementor-element elementor-element-f552cab elementor-section-boxed elementor-section-height-default elementor-section-height-default\" data-id=\"f552cab\" data-element_type=\"section\" data-e-type=\"section\">\n\t\t\t\t\t\t<div class=\"elementor-container elementor-column-gap-default\">\n\t\t\t\t\t<div class=\"elementor-column elementor-col-100 elementor-top-column elementor-element elementor-element-7842df6\" data-id=\"7842df6\" data-element_type=\"column\" data-e-type=\"column\">\n\t\t\t<div class=\"elementor-widget-wrap elementor-element-populated\">\n\t\t\t\t\t\t<div class=\"elementor-element elementor-element-394cee8 elementor-widget elementor-widget-heading\" data-id=\"394cee8\" data-element_type=\"widget\" data-e-type=\"widget\" data-widget_type=\"heading.default\">\n\t\t\t\t<div class=\"elementor-widget-container\">\n\t\t\t\t\t<h2 class=\"elementor-heading-title elementor-size-default\">Quelques vid\u00e9os d\u00e9j\u00e0 vues sur Fessbouc... (ou pas !)<\/h2>\t\t\t\t<\/div>\n\t\t\t\t<\/div>\n\t\t\t\t\t<\/div>\n\t\t<\/div>\n\t\t\t\t\t<\/div>\n\t\t<\/section>\n\t\t\t\t<section class=\"elementor-section elementor-top-section elementor-element elementor-element-05a0e6e elementor-section-boxed elementor-section-height-default elementor-section-height-default\" data-id=\"05a0e6e\" data-element_type=\"section\" data-e-type=\"section\">\n\t\t\t\t\t\t<div class=\"elementor-container elementor-column-gap-default\">\n\t\t\t\t\t<div class=\"elementor-column elementor-col-100 elementor-top-column elementor-element elementor-element-931940b\" data-id=\"931940b\" data-element_type=\"column\" data-e-type=\"column\">\n\t\t\t<div class=\"elementor-widget-wrap elementor-element-populated\">\n\t\t\t\t\t\t<section class=\"elementor-section elementor-inner-section elementor-element elementor-element-7726a6c elementor-section-boxed elementor-section-height-default elementor-section-height-default\" data-id=\"7726a6c\" data-element_type=\"section\" data-e-type=\"section\">\n\t\t\t\t\t\t<div class=\"elementor-container elementor-column-gap-default\">\n\t\t\t\t\t<div class=\"elementor-column elementor-col-33 elementor-inner-column elementor-element elementor-element-7783ecd\" data-id=\"7783ecd\" data-element_type=\"column\" data-e-type=\"column\">\n\t\t\t<div class=\"elementor-widget-wrap elementor-element-populated\">\n\t\t\t\t\t\t<div class=\"elementor-element elementor-element-3daf4a2 elementor-widget__width-initial elementor-widget elementor-widget-video\" data-id=\"3daf4a2\" data-element_type=\"widget\" data-e-type=\"widget\" data-settings=\"{&quot;youtube_url&quot;:&quot;https:\\\/\\\/youtu.be\\\/4IBP6wyxKj8&quot;,&quot;video_type&quot;:&quot;youtube&quot;,&quot;controls&quot;:&quot;yes&quot;}\" data-widget_type=\"video.default\">\n\t\t\t\t<div class=\"elementor-widget-container\">\n\t\t\t\t\t\t\t<div class=\"elementor-wrapper elementor-open-inline\">\n\t\t\t<div class=\"elementor-video\"><\/div>\t\t<\/div>\n\t\t\t\t\t\t<\/div>\n\t\t\t\t<\/div>\n\t\t\t\t\t<\/div>\n\t\t<\/div>\n\t\t\t\t<div class=\"elementor-column elementor-col-33 elementor-inner-column elementor-element elementor-element-385d9e4\" data-id=\"385d9e4\" data-element_type=\"column\" data-e-type=\"column\">\n\t\t\t<div class=\"elementor-widget-wrap elementor-element-populated\">\n\t\t\t\t\t\t<div class=\"elementor-element elementor-element-c3ec097 elementor-widget__width-initial elementor-widget elementor-widget-video\" data-id=\"c3ec097\" data-element_type=\"widget\" data-e-type=\"widget\" data-settings=\"{&quot;youtube_url&quot;:&quot;https:\\\/\\\/youtu.be\\\/_NhNZVIIxlU&quot;,&quot;video_type&quot;:&quot;youtube&quot;,&quot;controls&quot;:&quot;yes&quot;}\" data-widget_type=\"video.default\">\n\t\t\t\t<div class=\"elementor-widget-container\">\n\t\t\t\t\t\t\t<div class=\"elementor-wrapper elementor-open-inline\">\n\t\t\t<div class=\"elementor-video\"><\/div>\t\t<\/div>\n\t\t\t\t\t\t<\/div>\n\t\t\t\t<\/div>\n\t\t\t\t\t<\/div>\n\t\t<\/div>\n\t\t\t\t<div class=\"elementor-column elementor-col-33 elementor-inner-column elementor-element elementor-element-6f1c3e0\" data-id=\"6f1c3e0\" data-element_type=\"column\" data-e-type=\"column\">\n\t\t\t<div class=\"elementor-widget-wrap elementor-element-populated\">\n\t\t\t\t\t\t<div class=\"elementor-element elementor-element-2d05548 elementor-widget__width-initial elementor-widget elementor-widget-video\" data-id=\"2d05548\" data-element_type=\"widget\" data-e-type=\"widget\" data-settings=\"{&quot;youtube_url&quot;:&quot;https:\\\/\\\/youtu.be\\\/4VHOZyRIw1c&quot;,&quot;video_type&quot;:&quot;youtube&quot;,&quot;controls&quot;:&quot;yes&quot;}\" data-widget_type=\"video.default\">\n\t\t\t\t<div class=\"elementor-widget-container\">\n\t\t\t\t\t\t\t<div class=\"elementor-wrapper elementor-open-inline\">\n\t\t\t<div class=\"elementor-video\"><\/div>\t\t<\/div>\n\t\t\t\t\t\t<\/div>\n\t\t\t\t<\/div>\n\t\t\t\t\t<\/div>\n\t\t<\/div>\n\t\t\t\t\t<\/div>\n\t\t<\/section>\n\t\t\t\t\t<\/div>\n\t\t<\/div>\n\t\t\t\t\t<\/div>\n\t\t<\/section>\n\t\t\t\t<section class=\"elementor-section elementor-top-section elementor-element elementor-element-6bb47db elementor-section-boxed elementor-section-height-default elementor-section-height-default\" data-id=\"6bb47db\" data-element_type=\"section\" data-e-type=\"section\">\n\t\t\t\t\t\t<div class=\"elementor-container elementor-column-gap-default\">\n\t\t\t\t\t<div class=\"elementor-column elementor-col-33 elementor-top-column elementor-element elementor-element-e51d22e\" data-id=\"e51d22e\" data-element_type=\"column\" data-e-type=\"column\">\n\t\t\t<div class=\"elementor-widget-wrap\">\n\t\t\t\t\t\t\t<\/div>\n\t\t<\/div>\n\t\t\t\t<div class=\"elementor-column elementor-col-33 elementor-top-column elementor-element elementor-element-8f51003\" data-id=\"8f51003\" data-element_type=\"column\" data-e-type=\"column\">\n\t\t\t<div class=\"elementor-widget-wrap\">\n\t\t\t\t\t\t\t<\/div>\n\t\t<\/div>\n\t\t\t\t<div class=\"elementor-column elementor-col-33 elementor-top-column elementor-element elementor-element-193f586\" data-id=\"193f586\" data-element_type=\"column\" data-e-type=\"column\">\n\t\t\t<div class=\"elementor-widget-wrap\">\n\t\t\t\t\t\t\t<\/div>\n\t\t<\/div>\n\t\t\t\t\t<\/div>\n\t\t<\/section>\n\t\t\t\t<\/div>\n\t\t","protected":false},"excerpt":{"rendered":"<p>Quelques vid\u00e9os d\u00e9j\u00e0 vues sur Fessbouc&#8230; (ou pas !) https:\/\/youtu.be\/4IBP6wyxKj8https:\/\/youtu.be\/_NhNZVIIxlUhttps:\/\/youtu.be\/4VHOZyRIw1c<\/p>\n","protected":false},"author":1,"featured_media":168,"parent":0,"menu_order":0,"comment_status":"closed","ping_status":"closed","template":"","meta":{"footnotes":""},"class_list":["post-437","page","type-page","status-publish","has-post-thumbnail","hentry"],"yoast_head":"<!-- This site is optimized with the Yoast SEO plugin v27.4 - https:\/\/yoast.com\/product\/yoast-seo-wordpress\/ -->\n<title>Vid\u00e9os - ENDURANCE EQUESTRE MONPAZIER<\/title>\n<meta name=\"robots\" content=\"index, follow, max-snippet:-1, max-image-preview:large, max-video-preview:-1\" \/>\n<link rel=\"canonical\" href=\"https:\/\/monpazier.adoreed.fr\/index.php\/videos\/\" \/>\n<meta property=\"og:locale\" content=\"fr_FR\" \/>\n<meta property=\"og:type\" content=\"article\" \/>\n<meta property=\"og:title\" content=\"Vid\u00e9os - ENDURANCE EQUESTRE MONPAZIER\" \/>\n<meta property=\"og:description\" content=\"Quelques vid\u00e9os d\u00e9j\u00e0 vues sur Fessbouc&#8230; (ou pas !) https:\/\/youtu.be\/4IBP6wyxKj8https:\/\/youtu.be\/_NhNZVIIxlUhttps:\/\/youtu.be\/4VHOZyRIw1c\" \/>\n<meta property=\"og:url\" content=\"https:\/\/monpazier.adoreed.fr\/index.php\/videos\/\" \/>\n<meta property=\"og:site_name\" content=\"ENDURANCE EQUESTRE MONPAZIER\" \/>\n<meta property=\"article:modified_time\" content=\"2022-06-10T10:50:31+00:00\" \/>\n<meta property=\"og:image\" content=\"https:\/\/monpazier.adoreed.fr\/wp-content\/uploads\/2019\/07\/2-x-70km-monpazier-2012-1-015.jpg\" \/>\n\t<meta property=\"og:image:width\" content=\"800\" \/>\n\t<meta property=\"og:image:height\" content=\"531\" \/>\n\t<meta property=\"og:image:type\" content=\"image\/jpeg\" \/>\n<meta name=\"twitter:card\" content=\"summary_large_image\" \/>\n<meta name=\"twitter:label1\" content=\"Dur\u00e9e de lecture estim\u00e9e\" \/>\n\t<meta name=\"twitter:data1\" content=\"1 minute\" \/>\n<script type=\"application\/ld+json\" class=\"yoast-schema-graph\">{\"@context\":\"https:\\\/\\\/schema.org\",\"@graph\":[{\"@type\":\"WebPage\",\"@id\":\"https:\\\/\\\/monpazier.adoreed.fr\\\/index.php\\\/videos\\\/\",\"url\":\"https:\\\/\\\/monpazier.adoreed.fr\\\/index.php\\\/videos\\\/\",\"name\":\"Vid\u00e9os - ENDURANCE EQUESTRE MONPAZIER\",\"isPartOf\":{\"@id\":\"https:\\\/\\\/monpazier.adoreed.fr\\\/#website\"},\"primaryImageOfPage\":{\"@id\":\"https:\\\/\\\/monpazier.adoreed.fr\\\/index.php\\\/videos\\\/#primaryimage\"},\"image\":{\"@id\":\"https:\\\/\\\/monpazier.adoreed.fr\\\/index.php\\\/videos\\\/#primaryimage\"},\"thumbnailUrl\":\"https:\\\/\\\/monpazier.adoreed.fr\\\/wp-content\\\/uploads\\\/2019\\\/07\\\/2-x-70km-monpazier-2012-1-015.jpg\",\"datePublished\":\"2019-07-28T20:31:12+00:00\",\"dateModified\":\"2022-06-10T10:50:31+00:00\",\"breadcrumb\":{\"@id\":\"https:\\\/\\\/monpazier.adoreed.fr\\\/index.php\\\/videos\\\/#breadcrumb\"},\"inLanguage\":\"fr-FR\",\"potentialAction\":[{\"@type\":\"ReadAction\",\"target\":[\"https:\\\/\\\/monpazier.adoreed.fr\\\/index.php\\\/videos\\\/\"]}]},{\"@type\":\"ImageObject\",\"inLanguage\":\"fr-FR\",\"@id\":\"https:\\\/\\\/monpazier.adoreed.fr\\\/index.php\\\/videos\\\/#primaryimage\",\"url\":\"https:\\\/\\\/monpazier.adoreed.fr\\\/wp-content\\\/uploads\\\/2019\\\/07\\\/2-x-70km-monpazier-2012-1-015.jpg\",\"contentUrl\":\"https:\\\/\\\/monpazier.adoreed.fr\\\/wp-content\\\/uploads\\\/2019\\\/07\\\/2-x-70km-monpazier-2012-1-015.jpg\",\"width\":800,\"height\":531,\"caption\":\"Du monde au d\u00e9part\"},{\"@type\":\"BreadcrumbList\",\"@id\":\"https:\\\/\\\/monpazier.adoreed.fr\\\/index.php\\\/videos\\\/#breadcrumb\",\"itemListElement\":[{\"@type\":\"ListItem\",\"position\":1,\"name\":\"Accueil\",\"item\":\"https:\\\/\\\/monpazier.adoreed.fr\\\/\"},{\"@type\":\"ListItem\",\"position\":2,\"name\":\"Vid\u00e9os\"}]},{\"@type\":\"WebSite\",\"@id\":\"https:\\\/\\\/monpazier.adoreed.fr\\\/#website\",\"url\":\"https:\\\/\\\/monpazier.adoreed.fr\\\/\",\"name\":\"ENDURANCE EQUESTRE MONPAZIER\",\"description\":\"\",\"potentialAction\":[{\"@type\":\"SearchAction\",\"target\":{\"@type\":\"EntryPoint\",\"urlTemplate\":\"https:\\\/\\\/monpazier.adoreed.fr\\\/?s={search_term_string}\"},\"query-input\":{\"@type\":\"PropertyValueSpecification\",\"valueRequired\":true,\"valueName\":\"search_term_string\"}}],\"inLanguage\":\"fr-FR\"}]}<\/script>\n<!-- \/ Yoast SEO plugin. -->","yoast_head_json":{"title":"Vid\u00e9os - ENDURANCE EQUESTRE MONPAZIER","robots":{"index":"index","follow":"follow","max-snippet":"max-snippet:-1","max-image-preview":"max-image-preview:large","max-video-preview":"max-video-preview:-1"},"canonical":"https:\/\/monpazier.adoreed.fr\/index.php\/videos\/","og_locale":"fr_FR","og_type":"article","og_title":"Vid\u00e9os - ENDURANCE EQUESTRE MONPAZIER","og_description":"Quelques vid\u00e9os d\u00e9j\u00e0 vues sur Fessbouc&#8230; (ou pas !) https:\/\/youtu.be\/4IBP6wyxKj8https:\/\/youtu.be\/_NhNZVIIxlUhttps:\/\/youtu.be\/4VHOZyRIw1c","og_url":"https:\/\/monpazier.adoreed.fr\/index.php\/videos\/","og_site_name":"ENDURANCE EQUESTRE MONPAZIER","article_modified_time":"2022-06-10T10:50:31+00:00","og_image":[{"width":800,"height":531,"url":"https:\/\/monpazier.adoreed.fr\/wp-content\/uploads\/2019\/07\/2-x-70km-monpazier-2012-1-015.jpg","type":"image\/jpeg"}],"twitter_card":"summary_large_image","twitter_misc":{"Dur\u00e9e de lecture estim\u00e9e":"1 minute"},"schema":{"@context":"https:\/\/schema.org","@graph":[{"@type":"WebPage","@id":"https:\/\/monpazier.adoreed.fr\/index.php\/videos\/","url":"https:\/\/monpazier.adoreed.fr\/index.php\/videos\/","name":"Vid\u00e9os - ENDURANCE EQUESTRE MONPAZIER","isPartOf":{"@id":"https:\/\/monpazier.adoreed.fr\/#website"},"primaryImageOfPage":{"@id":"https:\/\/monpazier.adoreed.fr\/index.php\/videos\/#primaryimage"},"image":{"@id":"https:\/\/monpazier.adoreed.fr\/index.php\/videos\/#primaryimage"},"thumbnailUrl":"https:\/\/monpazier.adoreed.fr\/wp-content\/uploads\/2019\/07\/2-x-70km-monpazier-2012-1-015.jpg","datePublished":"2019-07-28T20:31:12+00:00","dateModified":"2022-06-10T10:50:31+00:00","breadcrumb":{"@id":"https:\/\/monpazier.adoreed.fr\/index.php\/videos\/#breadcrumb"},"inLanguage":"fr-FR","potentialAction":[{"@type":"ReadAction","target":["https:\/\/monpazier.adoreed.fr\/index.php\/videos\/"]}]},{"@type":"ImageObject","inLanguage":"fr-FR","@id":"https:\/\/monpazier.adoreed.fr\/index.php\/videos\/#primaryimage","url":"https:\/\/monpazier.adoreed.fr\/wp-content\/uploads\/2019\/07\/2-x-70km-monpazier-2012-1-015.jpg","contentUrl":"https:\/\/monpazier.adoreed.fr\/wp-content\/uploads\/2019\/07\/2-x-70km-monpazier-2012-1-015.jpg","width":800,"height":531,"caption":"Du monde au d\u00e9part"},{"@type":"BreadcrumbList","@id":"https:\/\/monpazier.adoreed.fr\/index.php\/videos\/#breadcrumb","itemListElement":[{"@type":"ListItem","position":1,"name":"Accueil","item":"https:\/\/monpazier.adoreed.fr\/"},{"@type":"ListItem","position":2,"name":"Vid\u00e9os"}]},{"@type":"WebSite","@id":"https:\/\/monpazier.adoreed.fr\/#website","url":"https:\/\/monpazier.adoreed.fr\/","name":"ENDURANCE EQUESTRE MONPAZIER","description":"","potentialAction":[{"@type":"SearchAction","target":{"@type":"EntryPoint","urlTemplate":"https:\/\/monpazier.adoreed.fr\/?s={search_term_string}"},"query-input":{"@type":"PropertyValueSpecification","valueRequired":true,"valueName":"search_term_string"}}],"inLanguage":"fr-FR"}]}},"_links":{"self":[{"href":"https:\/\/monpazier.adoreed.fr\/index.php\/wp-json\/wp\/v2\/pages\/437","targetHints":{"allow":["GET"]}}],"collection":[{"href":"https:\/\/monpazier.adoreed.fr\/index.php\/wp-json\/wp\/v2\/pages"}],"about":[{"href":"https:\/\/monpazier.adoreed.fr\/index.php\/wp-json\/wp\/v2\/types\/page"}],"author":[{"embeddable":true,"href":"https:\/\/monpazier.adoreed.fr\/index.php\/wp-json\/wp\/v2\/users\/1"}],"replies":[{"embeddable":true,"href":"https:\/\/monpazier.adoreed.fr\/index.php\/wp-json\/wp\/v2\/comments?post=437"}],"version-history":[{"count":14,"href":"https:\/\/monpazier.adoreed.fr\/index.php\/wp-json\/wp\/v2\/pages\/437\/revisions"}],"predecessor-version":[{"id":679,"href":"https:\/\/monpazier.adoreed.fr\/index.php\/wp-json\/wp\/v2\/pages\/437\/revisions\/679"}],"wp:featuredmedia":[{"embeddable":true,"href":"https:\/\/monpazier.adoreed.fr\/index.php\/wp-json\/wp\/v2\/media\/168"}],"wp:attachment":[{"href":"https:\/\/monpazier.adoreed.fr\/index.php\/wp-json\/wp\/v2\/media?parent=437"}],"curies":[{"name":"wp","href":"https:\/\/api.w.org\/{rel}","templated":true}]}}