{"id":401,"date":"2019-07-22T18:14:18","date_gmt":"2019-07-22T16:14:18","guid":{"rendered":"http:\/\/monpazier.adoreed.fr\/?page_id=401"},"modified":"2019-07-22T18:41:59","modified_gmt":"2019-07-22T16:41:59","slug":"resultats","status":"publish","type":"page","link":"https:\/\/monpazier.adoreed.fr\/index.php\/resultats\/","title":{"rendered":"R\u00e9sultats"},"content":{"rendered":"\t\t<div data-elementor-type=\"wp-post\" data-elementor-id=\"401\" class=\"elementor elementor-401\">\n\t\t\t\t\t\t<section class=\"elementor-section elementor-top-section elementor-element elementor-element-9e1272b elementor-section-boxed elementor-section-height-default elementor-section-height-default\" data-id=\"9e1272b\" data-element_type=\"section\" data-e-type=\"section\">\n\t\t\t\t\t\t<div class=\"elementor-container elementor-column-gap-default\">\n\t\t\t\t\t<div class=\"elementor-column elementor-col-100 elementor-top-column elementor-element elementor-element-f1e39c4\" data-id=\"f1e39c4\" data-element_type=\"column\" data-e-type=\"column\">\n\t\t\t<div class=\"elementor-widget-wrap elementor-element-populated\">\n\t\t\t\t\t\t<div class=\"elementor-element elementor-element-9dd4415 elementor-widget elementor-widget-heading\" data-id=\"9dd4415\" data-element_type=\"widget\" data-e-type=\"widget\" data-widget_type=\"heading.default\">\n\t\t\t\t<div class=\"elementor-widget-container\">\n\t\t\t\t\t<h2 class=\"elementor-heading-title elementor-size-default\">R\u00e9sultats des \u00e9preuves<\/h2>\t\t\t\t<\/div>\n\t\t\t\t<\/div>\n\t\t\t\t\t<\/div>\n\t\t<\/div>\n\t\t\t\t\t<\/div>\n\t\t<\/section>\n\t\t\t\t<section class=\"elementor-section elementor-top-section elementor-element elementor-element-e744a09 elementor-section-boxed elementor-section-height-default elementor-section-height-default\" data-id=\"e744a09\" data-element_type=\"section\" data-e-type=\"section\">\n\t\t\t\t\t\t<div class=\"elementor-container elementor-column-gap-default\">\n\t\t\t\t\t<div class=\"elementor-column elementor-col-100 elementor-top-column elementor-element elementor-element-f8880a8\" data-id=\"f8880a8\" data-element_type=\"column\" data-e-type=\"column\">\n\t\t\t<div class=\"elementor-widget-wrap elementor-element-populated\">\n\t\t\t\t\t\t<div class=\"elementor-element elementor-element-6592062 elementor-widget elementor-widget-text-editor\" data-id=\"6592062\" data-element_type=\"widget\" data-e-type=\"widget\" data-widget_type=\"text-editor.default\">\n\t\t\t\t<div class=\"elementor-widget-container\">\n\t\t\t\t\t\t\t\t\t<p>Suite \u00e0 un incident technique ind\u00e9pendant de notre volont\u00e9, nous ne sommes pas en mesure de vous communiquer pour l&rsquo;instant le moindre des r\u00e9sultats.<\/p><p>Mais nos techniciens sont sur le coup et vont nous r\u00e9parer \u00e7a, vite fait, bien fait&#8230;<\/p><p>Ah, on me signale \u00e0 l&rsquo;instant que les d\u00e9parts n&rsquo;ont pas encore eu lieu ! Pffff ! on nous dit jamais rien&#8230;<\/p><p>Plus s\u00e9rieusement, vous pourrez suivre en presque \u00ab\u00a0Direct Live\u00a0\u00bb le d\u00e9roulement des \u00e9preuves et donc les performances r\u00e9alis\u00e9es par vos concurrents favoris sur <em><s>la<\/s> <s>cha\u00eene<\/s> <s>EQUIDIA<\/s><\/em> le site d<a href=\"http:\/\/www.atrm-systems.fr\" target=\"_blank\" rel=\"noopener\">&lsquo;ATRM<\/a><\/p>\t\t\t\t\t\t\t\t<\/div>\n\t\t\t\t<\/div>\n\t\t\t\t\t<\/div>\n\t\t<\/div>\n\t\t\t\t\t<\/div>\n\t\t<\/section>\n\t\t\t\t<section class=\"elementor-section elementor-top-section elementor-element elementor-element-66707dd elementor-section-boxed elementor-section-height-default elementor-section-height-default\" data-id=\"66707dd\" data-element_type=\"section\" data-e-type=\"section\">\n\t\t\t\t\t\t<div class=\"elementor-container elementor-column-gap-default\">\n\t\t\t\t\t<div class=\"elementor-column elementor-col-100 elementor-top-column elementor-element elementor-element-8e6b3aa\" data-id=\"8e6b3aa\" data-element_type=\"column\" data-e-type=\"column\">\n\t\t\t<div class=\"elementor-widget-wrap elementor-element-populated\">\n\t\t\t\t\t\t<div class=\"elementor-element elementor-element-f9227f4 elementor-widget elementor-widget-image\" data-id=\"f9227f4\" data-element_type=\"widget\" data-e-type=\"widget\" data-widget_type=\"image.default\">\n\t\t\t\t<div class=\"elementor-widget-container\">\n\t\t\t\t\t\t\t\t\t\t\t\t\t\t\t\t<a href=\"http:\/\/www.atrm-systems.fr\/\">\n\t\t\t\t\t\t\t<img decoding=\"async\" width=\"80\" height=\"53\" src=\"https:\/\/monpazier.adoreed.fr\/wp-content\/uploads\/2019\/07\/logo_atrm.gif\" class=\"attachment-large size-large wp-image-222\" alt=\"\" \/>\t\t\t\t\t\t\t\t<\/a>\n\t\t\t\t\t\t\t\t\t\t\t\t\t\t\t<\/div>\n\t\t\t\t<\/div>\n\t\t\t\t\t<\/div>\n\t\t<\/div>\n\t\t\t\t\t<\/div>\n\t\t<\/section>\n\t\t\t\t<\/div>\n\t\t","protected":false},"excerpt":{"rendered":"<p>R\u00e9sultats des \u00e9preuves Suite \u00e0 un incident technique ind\u00e9pendant de notre volont\u00e9, nous ne sommes pas en mesure de vous communiquer pour l&rsquo;instant le moindre des r\u00e9sultats. Mais nos techniciens sont sur le coup et vont nous r\u00e9parer \u00e7a, vite fait, bien fait&#8230; Ah, on me signale \u00e0 l&rsquo;instant que les d\u00e9parts n&rsquo;ont pas encore&hellip; <br \/> <a class=\"read-more\" href=\"https:\/\/monpazier.adoreed.fr\/index.php\/resultats\/\">Lire la suite<\/a><\/p>\n","protected":false},"author":1,"featured_media":400,"parent":0,"menu_order":0,"comment_status":"closed","ping_status":"closed","template":"","meta":{"footnotes":""},"class_list":["post-401","page","type-page","status-publish","has-post-thumbnail","hentry"],"yoast_head":"<!-- This site is optimized with the Yoast SEO plugin v27.4 - https:\/\/yoast.com\/product\/yoast-seo-wordpress\/ -->\n<title>R\u00e9sultats - ENDURANCE EQUESTRE MONPAZIER<\/title>\n<meta name=\"robots\" content=\"index, follow, max-snippet:-1, max-image-preview:large, max-video-preview:-1\" \/>\n<link rel=\"canonical\" href=\"https:\/\/monpazier.adoreed.fr\/index.php\/resultats\/\" \/>\n<meta property=\"og:locale\" content=\"fr_FR\" \/>\n<meta property=\"og:type\" content=\"article\" \/>\n<meta property=\"og:title\" content=\"R\u00e9sultats - ENDURANCE EQUESTRE MONPAZIER\" \/>\n<meta property=\"og:description\" content=\"R\u00e9sultats des \u00e9preuves Suite \u00e0 un incident technique ind\u00e9pendant de notre volont\u00e9, nous ne sommes pas en mesure de vous communiquer pour l&rsquo;instant le moindre des r\u00e9sultats. Mais nos techniciens sont sur le coup et vont nous r\u00e9parer \u00e7a, vite fait, bien fait&#8230; Ah, on me signale \u00e0 l&rsquo;instant que les d\u00e9parts n&rsquo;ont pas encore&hellip; Lire la suite\" \/>\n<meta property=\"og:url\" content=\"https:\/\/monpazier.adoreed.fr\/index.php\/resultats\/\" \/>\n<meta property=\"og:site_name\" content=\"ENDURANCE EQUESTRE MONPAZIER\" \/>\n<meta property=\"article:modified_time\" content=\"2019-07-22T16:41:59+00:00\" \/>\n<meta property=\"og:image\" content=\"https:\/\/monpazier.adoreed.fr\/wp-content\/uploads\/2019\/07\/podiums-MONPAZIER-2018-025-e1563811984129.jpg\" \/>\n\t<meta property=\"og:image:width\" content=\"3968\" \/>\n\t<meta property=\"og:image:height\" content=\"2281\" \/>\n\t<meta property=\"og:image:type\" content=\"image\/jpeg\" \/>\n<meta name=\"twitter:card\" content=\"summary_large_image\" \/>\n<meta name=\"twitter:label1\" content=\"Dur\u00e9e de lecture estim\u00e9e\" \/>\n\t<meta name=\"twitter:data1\" content=\"1 minute\" \/>\n<script type=\"application\/ld+json\" class=\"yoast-schema-graph\">{\"@context\":\"https:\\\/\\\/schema.org\",\"@graph\":[{\"@type\":\"WebPage\",\"@id\":\"https:\\\/\\\/monpazier.adoreed.fr\\\/index.php\\\/resultats\\\/\",\"url\":\"https:\\\/\\\/monpazier.adoreed.fr\\\/index.php\\\/resultats\\\/\",\"name\":\"R\u00e9sultats - ENDURANCE EQUESTRE MONPAZIER\",\"isPartOf\":{\"@id\":\"https:\\\/\\\/monpazier.adoreed.fr\\\/#website\"},\"primaryImageOfPage\":{\"@id\":\"https:\\\/\\\/monpazier.adoreed.fr\\\/index.php\\\/resultats\\\/#primaryimage\"},\"image\":{\"@id\":\"https:\\\/\\\/monpazier.adoreed.fr\\\/index.php\\\/resultats\\\/#primaryimage\"},\"thumbnailUrl\":\"https:\\\/\\\/monpazier.adoreed.fr\\\/wp-content\\\/uploads\\\/2019\\\/07\\\/podiums-MONPAZIER-2018-025-e1563811984129.jpg\",\"datePublished\":\"2019-07-22T16:14:18+00:00\",\"dateModified\":\"2019-07-22T16:41:59+00:00\",\"breadcrumb\":{\"@id\":\"https:\\\/\\\/monpazier.adoreed.fr\\\/index.php\\\/resultats\\\/#breadcrumb\"},\"inLanguage\":\"fr-FR\",\"potentialAction\":[{\"@type\":\"ReadAction\",\"target\":[\"https:\\\/\\\/monpazier.adoreed.fr\\\/index.php\\\/resultats\\\/\"]}]},{\"@type\":\"ImageObject\",\"inLanguage\":\"fr-FR\",\"@id\":\"https:\\\/\\\/monpazier.adoreed.fr\\\/index.php\\\/resultats\\\/#primaryimage\",\"url\":\"https:\\\/\\\/monpazier.adoreed.fr\\\/wp-content\\\/uploads\\\/2019\\\/07\\\/podiums-MONPAZIER-2018-025-e1563811984129.jpg\",\"contentUrl\":\"https:\\\/\\\/monpazier.adoreed.fr\\\/wp-content\\\/uploads\\\/2019\\\/07\\\/podiums-MONPAZIER-2018-025-e1563811984129.jpg\",\"width\":3968,\"height\":2281},{\"@type\":\"BreadcrumbList\",\"@id\":\"https:\\\/\\\/monpazier.adoreed.fr\\\/index.php\\\/resultats\\\/#breadcrumb\",\"itemListElement\":[{\"@type\":\"ListItem\",\"position\":1,\"name\":\"Accueil\",\"item\":\"https:\\\/\\\/monpazier.adoreed.fr\\\/\"},{\"@type\":\"ListItem\",\"position\":2,\"name\":\"R\u00e9sultats\"}]},{\"@type\":\"WebSite\",\"@id\":\"https:\\\/\\\/monpazier.adoreed.fr\\\/#website\",\"url\":\"https:\\\/\\\/monpazier.adoreed.fr\\\/\",\"name\":\"ENDURANCE EQUESTRE MONPAZIER\",\"description\":\"\",\"potentialAction\":[{\"@type\":\"SearchAction\",\"target\":{\"@type\":\"EntryPoint\",\"urlTemplate\":\"https:\\\/\\\/monpazier.adoreed.fr\\\/?s={search_term_string}\"},\"query-input\":{\"@type\":\"PropertyValueSpecification\",\"valueRequired\":true,\"valueName\":\"search_term_string\"}}],\"inLanguage\":\"fr-FR\"}]}<\/script>\n<!-- \/ Yoast SEO plugin. -->","yoast_head_json":{"title":"R\u00e9sultats - ENDURANCE EQUESTRE MONPAZIER","robots":{"index":"index","follow":"follow","max-snippet":"max-snippet:-1","max-image-preview":"max-image-preview:large","max-video-preview":"max-video-preview:-1"},"canonical":"https:\/\/monpazier.adoreed.fr\/index.php\/resultats\/","og_locale":"fr_FR","og_type":"article","og_title":"R\u00e9sultats - ENDURANCE EQUESTRE MONPAZIER","og_description":"R\u00e9sultats des \u00e9preuves Suite \u00e0 un incident technique ind\u00e9pendant de notre volont\u00e9, nous ne sommes pas en mesure de vous communiquer pour l&rsquo;instant le moindre des r\u00e9sultats. Mais nos techniciens sont sur le coup et vont nous r\u00e9parer \u00e7a, vite fait, bien fait&#8230; Ah, on me signale \u00e0 l&rsquo;instant que les d\u00e9parts n&rsquo;ont pas encore&hellip; Lire la suite","og_url":"https:\/\/monpazier.adoreed.fr\/index.php\/resultats\/","og_site_name":"ENDURANCE EQUESTRE MONPAZIER","article_modified_time":"2019-07-22T16:41:59+00:00","og_image":[{"width":3968,"height":2281,"url":"https:\/\/monpazier.adoreed.fr\/wp-content\/uploads\/2019\/07\/podiums-MONPAZIER-2018-025-e1563811984129.jpg","type":"image\/jpeg"}],"twitter_card":"summary_large_image","twitter_misc":{"Dur\u00e9e de lecture estim\u00e9e":"1 minute"},"schema":{"@context":"https:\/\/schema.org","@graph":[{"@type":"WebPage","@id":"https:\/\/monpazier.adoreed.fr\/index.php\/resultats\/","url":"https:\/\/monpazier.adoreed.fr\/index.php\/resultats\/","name":"R\u00e9sultats - ENDURANCE EQUESTRE MONPAZIER","isPartOf":{"@id":"https:\/\/monpazier.adoreed.fr\/#website"},"primaryImageOfPage":{"@id":"https:\/\/monpazier.adoreed.fr\/index.php\/resultats\/#primaryimage"},"image":{"@id":"https:\/\/monpazier.adoreed.fr\/index.php\/resultats\/#primaryimage"},"thumbnailUrl":"https:\/\/monpazier.adoreed.fr\/wp-content\/uploads\/2019\/07\/podiums-MONPAZIER-2018-025-e1563811984129.jpg","datePublished":"2019-07-22T16:14:18+00:00","dateModified":"2019-07-22T16:41:59+00:00","breadcrumb":{"@id":"https:\/\/monpazier.adoreed.fr\/index.php\/resultats\/#breadcrumb"},"inLanguage":"fr-FR","potentialAction":[{"@type":"ReadAction","target":["https:\/\/monpazier.adoreed.fr\/index.php\/resultats\/"]}]},{"@type":"ImageObject","inLanguage":"fr-FR","@id":"https:\/\/monpazier.adoreed.fr\/index.php\/resultats\/#primaryimage","url":"https:\/\/monpazier.adoreed.fr\/wp-content\/uploads\/2019\/07\/podiums-MONPAZIER-2018-025-e1563811984129.jpg","contentUrl":"https:\/\/monpazier.adoreed.fr\/wp-content\/uploads\/2019\/07\/podiums-MONPAZIER-2018-025-e1563811984129.jpg","width":3968,"height":2281},{"@type":"BreadcrumbList","@id":"https:\/\/monpazier.adoreed.fr\/index.php\/resultats\/#breadcrumb","itemListElement":[{"@type":"ListItem","position":1,"name":"Accueil","item":"https:\/\/monpazier.adoreed.fr\/"},{"@type":"ListItem","position":2,"name":"R\u00e9sultats"}]},{"@type":"WebSite","@id":"https:\/\/monpazier.adoreed.fr\/#website","url":"https:\/\/monpazier.adoreed.fr\/","name":"ENDURANCE EQUESTRE MONPAZIER","description":"","potentialAction":[{"@type":"SearchAction","target":{"@type":"EntryPoint","urlTemplate":"https:\/\/monpazier.adoreed.fr\/?s={search_term_string}"},"query-input":{"@type":"PropertyValueSpecification","valueRequired":true,"valueName":"search_term_string"}}],"inLanguage":"fr-FR"}]}},"_links":{"self":[{"href":"https:\/\/monpazier.adoreed.fr\/index.php\/wp-json\/wp\/v2\/pages\/401","targetHints":{"allow":["GET"]}}],"collection":[{"href":"https:\/\/monpazier.adoreed.fr\/index.php\/wp-json\/wp\/v2\/pages"}],"about":[{"href":"https:\/\/monpazier.adoreed.fr\/index.php\/wp-json\/wp\/v2\/types\/page"}],"author":[{"embeddable":true,"href":"https:\/\/monpazier.adoreed.fr\/index.php\/wp-json\/wp\/v2\/users\/1"}],"replies":[{"embeddable":true,"href":"https:\/\/monpazier.adoreed.fr\/index.php\/wp-json\/wp\/v2\/comments?post=401"}],"version-history":[{"count":8,"href":"https:\/\/monpazier.adoreed.fr\/index.php\/wp-json\/wp\/v2\/pages\/401\/revisions"}],"predecessor-version":[{"id":413,"href":"https:\/\/monpazier.adoreed.fr\/index.php\/wp-json\/wp\/v2\/pages\/401\/revisions\/413"}],"wp:featuredmedia":[{"embeddable":true,"href":"https:\/\/monpazier.adoreed.fr\/index.php\/wp-json\/wp\/v2\/media\/400"}],"wp:attachment":[{"href":"https:\/\/monpazier.adoreed.fr\/index.php\/wp-json\/wp\/v2\/media?parent=401"}],"curies":[{"name":"wp","href":"https:\/\/api.w.org\/{rel}","templated":true}]}}