{"id":244,"date":"2019-07-11T12:29:29","date_gmt":"2019-07-11T10:29:29","guid":{"rendered":"http:\/\/monpazier.adoreed.fr\/?page_id=244"},"modified":"2025-08-01T17:06:00","modified_gmt":"2025-08-01T15:06:00","slug":"les-boucles","status":"publish","type":"page","link":"https:\/\/monpazier.adoreed.fr\/index.php\/les-boucles\/","title":{"rendered":""},"content":{"rendered":"<p><em>Les cartes des boucles sont disponibles en t\u00e9l\u00e9chargement <a href=\"https:\/\/monpazier.adoreed.fr\/index.php\/disponible-en-telechargement\/\" target=\"_blank\" rel=\"noopener\">ici<\/a><\/em><\/p>\n<h2>Ordre des boucles et heures de d\u00e9part<\/h2>\n<h3>Vendredi<\/h3>\n<p><em>Attention, le d\u00e9but de la premi\u00e8re boucle (Bleue) est parcouru de nuit. N&rsquo;oubliez pas vos frontales !<\/em><\/p>\n\n<table id=\"tablepress-2\" class=\"tablepress tablepress-id-2\">\n<thead>\n<tr class=\"row-1\">\n\t<th class=\"column-1\">Epreuves<\/th><th class=\"column-2\">Distance (km)<\/th><th class=\"column-3\">Heure de d\u00e9part<\/th><th class=\"column-4\">Ordre des boucles<\/th><th class=\"column-5\">D\u00e9nivel\u00e9 positif cumul\u00e9<\/th>\n<\/tr>\n<\/thead>\n<tbody class=\"row-striping row-hover\">\n<tr class=\"row-2\">\n\t<td class=\"column-1\">CEI *** \/ Amateur Elite Grand Prix<\/td><td class=\"column-2\">160<\/td><td class=\"column-3\">5h30<\/td><td class=\"column-4\">40 km - 32 km - 28 km - 32 km - 28 km<\/td><td class=\"column-5\">146 m\u00e8tres<\/td>\n<\/tr>\n<tr class=\"row-3\">\n\t<td class=\"column-1\">CEI ** \/ Amateur Elite (2x70 - 1er jour)<\/td><td class=\"column-2\">76<\/td><td class=\"column-3\">9h00<\/td><td class=\"column-4\">22 km - 32 km - 22 km<\/td><td class=\"column-5\"><\/td>\n<\/tr>\n<\/tbody>\n<\/table>\n<!-- #tablepress-2 from cache -->\n<h3>Samedi<\/h3>\n\n<table id=\"tablepress-3\" class=\"tablepress tablepress-id-3\">\n<thead>\n<tr class=\"row-1\">\n\t<th class=\"column-1\">Epreuves<\/th><th class=\"column-2\">Distance (km)<\/th><th class=\"column-3\">Heure de d\u00e9part<\/th><th class=\"column-4\">Ordre des boucles<\/th><th class=\"column-5\">D\u00e9nivel\u00e9 positif cumul\u00e9<\/th>\n<\/tr>\n<\/thead>\n<tbody class=\"row-striping row-hover\">\n<tr class=\"row-2\">\n\t<td class=\"column-1\">CEI * \/ Amateur 1 GP <\/td><td class=\"column-2\">100<\/td><td class=\"column-3\">08h00<\/td><td class=\"column-4\">40 km - 32 km - 28 km<\/td><td class=\"column-5\">1033 m\u00e8tres<\/td>\n<\/tr>\n<tr class=\"row-3\">\n\t<td class=\"column-1\">Amateur 1<\/td><td class=\"column-2\">82<\/td><td class=\"column-3\">8h15<\/td><td class=\"column-4\">32 km - 28 km - 22 km<\/td><td class=\"column-5\"><\/td>\n<\/tr>\n<tr class=\"row-4\">\n\t<td class=\"column-1\">CEI ** \/ Amateur Elite (2x70 - 1er jour)<\/td><td class=\"column-2\">76<\/td><td class=\"column-3\">9h00<\/td><td class=\"column-4\">22 km - 32 km - 22 km<\/td><td class=\"column-5\"><\/td>\n<\/tr>\n<\/tbody>\n<\/table>\n<!-- #tablepress-3 from cache -->\n<h3>Dimanche<\/h3>\n\n<table id=\"tablepress-4\" class=\"tablepress tablepress-id-4\">\n<thead>\n<tr class=\"row-1\">\n\t<th class=\"column-1\">Epreuves<\/th><th class=\"column-2\">Distance (km)<\/th><th class=\"column-3\">Heure de d\u00e9part<\/th><th class=\"column-4\">Ordre des boucles<\/th><th class=\"column-5\">D\u00e9nivel\u00e9 positif cumul\u00e9<\/th>\n<\/tr>\n<\/thead>\n<tbody class=\"row-striping row-hover\">\n<tr class=\"row-2\">\n\t<td class=\"column-1\">CEIYJ **<\/td><td class=\"column-2\">122<\/td><td class=\"column-3\">06h30<\/td><td class=\"column-4\">40 km - 32 km - 22 km - 28 km<\/td><td class=\"column-5\">1184 m\u00e8tres<\/td>\n<\/tr>\n<tr class=\"row-3\">\n\t<td class=\"column-1\">CEI ** \/ Amateur Elite<\/td><td class=\"column-2\">122<\/td><td class=\"column-3\">07h00<\/td><td class=\"column-4\">40 km - 32 km - 22 km - 28 km<\/td><td class=\"column-5\">1184 m\u00e8tres<\/td>\n<\/tr>\n<\/tbody>\n<\/table>\n<!-- #tablepress-4 from cache -->\n<h2>Balisage<\/h2>\n<p>Panneaux de balisage de la couleur de la boucle (avec bandes r\u00e9fl\u00e9chissantes pour le d\u00e9but de la boucle bleue) et marquage au sol sur les parties goudronn\u00e9es.<\/p>\n<style type=\"text\/css\">\n\t\t\t#gallery-3 {<br \/>\n\t\t\t\tmargin: auto;<br \/>\n\t\t\t}<br \/>\n\t\t\t#gallery-3 .gallery-item {<br \/>\n\t\t\t\tfloat: left;<br \/>\n\t\t\t\tmargin-top: 10px;<br \/>\n\t\t\t\ttext-align: center;<br \/>\n\t\t\t\twidth: 33%;<br \/>\n\t\t\t}<br \/>\n\t\t\t#gallery-3 img {<br \/>\n\t\t\t\tborder: 2px solid #cfcfcf;<br \/>\n\t\t\t}<br \/>\n\t\t\t#gallery-3 .gallery-caption {<br \/>\n\t\t\t\tmargin-left: 0;<br \/>\n\t\t\t}<br \/>\n\t\t\t\/* see gallery_shortcode() in wp-includes\/media.php *\/<br \/>\n\t\t<\/style>\n<dl class=\"gallery-item\">\n<dt class=\"gallery-icon landscape\"><a href=\"https:\/\/monpazier.adoreed.fr\/wp-content\/uploads\/2019\/07\/fleche_b.jpg\" data-elementor-open-lightbox=\"yes\" data-elementor-lightbox-slideshow=\"6baa1d3\" data-elementor-lightbox-title=\"fleche_b\"><img decoding=\"async\" src=\"https:\/\/monpazier.adoreed.fr\/wp-content\/uploads\/2019\/07\/fleche_b.jpg\" alt=\"\" width=\"300\" height=\"140\" \/><\/a><\/dt>\n<\/dl>\n<dl class=\"gallery-item\">\n<dt class=\"gallery-icon landscape\"><a href=\"https:\/\/monpazier.adoreed.fr\/wp-content\/uploads\/2019\/07\/fleche_o.jpg\" data-elementor-open-lightbox=\"yes\" data-elementor-lightbox-slideshow=\"6baa1d3\" data-elementor-lightbox-title=\"fleche_o\"><img decoding=\"async\" src=\"https:\/\/monpazier.adoreed.fr\/wp-content\/uploads\/2019\/07\/fleche_o.jpg\" alt=\"\" width=\"300\" height=\"134\" \/><\/a><\/dt>\n<\/dl>\n<dl class=\"gallery-item\">\n<dt class=\"gallery-icon landscape\"><a href=\"https:\/\/monpazier.adoreed.fr\/wp-content\/uploads\/2019\/07\/fleche_v.jpg\" data-elementor-open-lightbox=\"yes\" data-elementor-lightbox-slideshow=\"6baa1d3\" data-elementor-lightbox-title=\"fleche_v\"><img decoding=\"async\" src=\"https:\/\/monpazier.adoreed.fr\/wp-content\/uploads\/2019\/07\/fleche_v.jpg\" alt=\"\" width=\"300\" height=\"132\" \/><\/a><\/dt>\n<\/dl>\n","protected":false},"excerpt":{"rendered":"<p>Les cartes des boucles sont disponibles en t\u00e9l\u00e9chargement ici Ordre des boucles et heures de d\u00e9part Vendredi Attention, le d\u00e9but de la premi\u00e8re boucle (Bleue) est parcouru de nuit. N&rsquo;oubliez pas vos frontales ! Samedi Dimanche Balisage Panneaux de balisage de la couleur de la boucle (avec bandes r\u00e9fl\u00e9chissantes pour le d\u00e9but de la boucle&hellip; <br \/> <a class=\"read-more\" href=\"https:\/\/monpazier.adoreed.fr\/index.php\/les-boucles\/\">Lire la suite<\/a><\/p>\n","protected":false},"author":1,"featured_media":171,"parent":0,"menu_order":0,"comment_status":"closed","ping_status":"closed","template":"","meta":{"footnotes":""},"class_list":["post-244","page","type-page","status-publish","has-post-thumbnail","hentry"],"yoast_head":"<!-- This site is optimized with the Yoast SEO plugin v27.3 - https:\/\/yoast.com\/product\/yoast-seo-wordpress\/ -->\n<title>- ENDURANCE EQUESTRE MONPAZIER<\/title>\n<meta name=\"description\" content=\"ENDURANCE EQUESTRE MONPAZIER\" \/>\n<meta name=\"robots\" content=\"index, follow, max-snippet:-1, max-image-preview:large, max-video-preview:-1\" \/>\n<link rel=\"canonical\" href=\"https:\/\/monpazier.adoreed.fr\/index.php\/les-boucles\/\" \/>\n<meta property=\"og:locale\" content=\"fr_FR\" \/>\n<meta property=\"og:type\" content=\"article\" \/>\n<meta property=\"og:title\" content=\"- ENDURANCE EQUESTRE MONPAZIER\" \/>\n<meta property=\"og:description\" content=\"ENDURANCE EQUESTRE MONPAZIER\" \/>\n<meta property=\"og:url\" content=\"https:\/\/monpazier.adoreed.fr\/index.php\/les-boucles\/\" \/>\n<meta property=\"og:site_name\" content=\"ENDURANCE EQUESTRE MONPAZIER\" \/>\n<meta property=\"article:modified_time\" content=\"2025-08-01T15:06:00+00:00\" \/>\n<meta property=\"og:image\" content=\"https:\/\/monpazier.adoreed.fr\/wp-content\/uploads\/2019\/07\/2-x-70km-monpazier-2012-021-e1562840893800.jpg\" \/>\n\t<meta property=\"og:image:width\" content=\"800\" \/>\n\t<meta property=\"og:image:height\" content=\"354\" \/>\n\t<meta property=\"og:image:type\" content=\"image\/jpeg\" \/>\n<meta name=\"twitter:card\" content=\"summary_large_image\" \/>\n<meta name=\"twitter:label1\" content=\"Dur\u00e9e de lecture estim\u00e9e\" \/>\n\t<meta name=\"twitter:data1\" content=\"2 minutes\" \/>\n<script type=\"application\/ld+json\" class=\"yoast-schema-graph\">{\"@context\":\"https:\\\/\\\/schema.org\",\"@graph\":[{\"@type\":\"WebPage\",\"@id\":\"https:\\\/\\\/monpazier.adoreed.fr\\\/index.php\\\/les-boucles\\\/\",\"url\":\"https:\\\/\\\/monpazier.adoreed.fr\\\/index.php\\\/les-boucles\\\/\",\"name\":\"- ENDURANCE EQUESTRE MONPAZIER\",\"isPartOf\":{\"@id\":\"https:\\\/\\\/monpazier.adoreed.fr\\\/#website\"},\"primaryImageOfPage\":{\"@id\":\"https:\\\/\\\/monpazier.adoreed.fr\\\/index.php\\\/les-boucles\\\/#primaryimage\"},\"image\":{\"@id\":\"https:\\\/\\\/monpazier.adoreed.fr\\\/index.php\\\/les-boucles\\\/#primaryimage\"},\"thumbnailUrl\":\"https:\\\/\\\/monpazier.adoreed.fr\\\/wp-content\\\/uploads\\\/2019\\\/07\\\/2-x-70km-monpazier-2012-021-e1562840893800.jpg\",\"datePublished\":\"2019-07-11T10:29:29+00:00\",\"dateModified\":\"2025-08-01T15:06:00+00:00\",\"description\":\"ENDURANCE EQUESTRE MONPAZIER\",\"inLanguage\":\"fr-FR\",\"potentialAction\":[{\"@type\":\"ReadAction\",\"target\":[\"https:\\\/\\\/monpazier.adoreed.fr\\\/index.php\\\/les-boucles\\\/\"]}]},{\"@type\":\"ImageObject\",\"inLanguage\":\"fr-FR\",\"@id\":\"https:\\\/\\\/monpazier.adoreed.fr\\\/index.php\\\/les-boucles\\\/#primaryimage\",\"url\":\"https:\\\/\\\/monpazier.adoreed.fr\\\/wp-content\\\/uploads\\\/2019\\\/07\\\/2-x-70km-monpazier-2012-021-e1562840893800.jpg\",\"contentUrl\":\"https:\\\/\\\/monpazier.adoreed.fr\\\/wp-content\\\/uploads\\\/2019\\\/07\\\/2-x-70km-monpazier-2012-021-e1562840893800.jpg\",\"width\":800,\"height\":354},{\"@type\":\"WebSite\",\"@id\":\"https:\\\/\\\/monpazier.adoreed.fr\\\/#website\",\"url\":\"https:\\\/\\\/monpazier.adoreed.fr\\\/\",\"name\":\"ENDURANCE EQUESTRE MONPAZIER\",\"description\":\"\",\"potentialAction\":[{\"@type\":\"SearchAction\",\"target\":{\"@type\":\"EntryPoint\",\"urlTemplate\":\"https:\\\/\\\/monpazier.adoreed.fr\\\/?s={search_term_string}\"},\"query-input\":{\"@type\":\"PropertyValueSpecification\",\"valueRequired\":true,\"valueName\":\"search_term_string\"}}],\"inLanguage\":\"fr-FR\"}]}<\/script>\n<!-- \/ Yoast SEO plugin. -->","yoast_head_json":{"title":"- ENDURANCE EQUESTRE MONPAZIER","description":"ENDURANCE EQUESTRE MONPAZIER","robots":{"index":"index","follow":"follow","max-snippet":"max-snippet:-1","max-image-preview":"max-image-preview:large","max-video-preview":"max-video-preview:-1"},"canonical":"https:\/\/monpazier.adoreed.fr\/index.php\/les-boucles\/","og_locale":"fr_FR","og_type":"article","og_title":"- ENDURANCE EQUESTRE MONPAZIER","og_description":"ENDURANCE EQUESTRE MONPAZIER","og_url":"https:\/\/monpazier.adoreed.fr\/index.php\/les-boucles\/","og_site_name":"ENDURANCE EQUESTRE MONPAZIER","article_modified_time":"2025-08-01T15:06:00+00:00","og_image":[{"width":800,"height":354,"url":"https:\/\/monpazier.adoreed.fr\/wp-content\/uploads\/2019\/07\/2-x-70km-monpazier-2012-021-e1562840893800.jpg","type":"image\/jpeg"}],"twitter_card":"summary_large_image","twitter_misc":{"Dur\u00e9e de lecture estim\u00e9e":"2 minutes"},"schema":{"@context":"https:\/\/schema.org","@graph":[{"@type":"WebPage","@id":"https:\/\/monpazier.adoreed.fr\/index.php\/les-boucles\/","url":"https:\/\/monpazier.adoreed.fr\/index.php\/les-boucles\/","name":"- ENDURANCE EQUESTRE MONPAZIER","isPartOf":{"@id":"https:\/\/monpazier.adoreed.fr\/#website"},"primaryImageOfPage":{"@id":"https:\/\/monpazier.adoreed.fr\/index.php\/les-boucles\/#primaryimage"},"image":{"@id":"https:\/\/monpazier.adoreed.fr\/index.php\/les-boucles\/#primaryimage"},"thumbnailUrl":"https:\/\/monpazier.adoreed.fr\/wp-content\/uploads\/2019\/07\/2-x-70km-monpazier-2012-021-e1562840893800.jpg","datePublished":"2019-07-11T10:29:29+00:00","dateModified":"2025-08-01T15:06:00+00:00","description":"ENDURANCE EQUESTRE MONPAZIER","inLanguage":"fr-FR","potentialAction":[{"@type":"ReadAction","target":["https:\/\/monpazier.adoreed.fr\/index.php\/les-boucles\/"]}]},{"@type":"ImageObject","inLanguage":"fr-FR","@id":"https:\/\/monpazier.adoreed.fr\/index.php\/les-boucles\/#primaryimage","url":"https:\/\/monpazier.adoreed.fr\/wp-content\/uploads\/2019\/07\/2-x-70km-monpazier-2012-021-e1562840893800.jpg","contentUrl":"https:\/\/monpazier.adoreed.fr\/wp-content\/uploads\/2019\/07\/2-x-70km-monpazier-2012-021-e1562840893800.jpg","width":800,"height":354},{"@type":"WebSite","@id":"https:\/\/monpazier.adoreed.fr\/#website","url":"https:\/\/monpazier.adoreed.fr\/","name":"ENDURANCE EQUESTRE MONPAZIER","description":"","potentialAction":[{"@type":"SearchAction","target":{"@type":"EntryPoint","urlTemplate":"https:\/\/monpazier.adoreed.fr\/?s={search_term_string}"},"query-input":{"@type":"PropertyValueSpecification","valueRequired":true,"valueName":"search_term_string"}}],"inLanguage":"fr-FR"}]}},"_links":{"self":[{"href":"https:\/\/monpazier.adoreed.fr\/index.php\/wp-json\/wp\/v2\/pages\/244","targetHints":{"allow":["GET"]}}],"collection":[{"href":"https:\/\/monpazier.adoreed.fr\/index.php\/wp-json\/wp\/v2\/pages"}],"about":[{"href":"https:\/\/monpazier.adoreed.fr\/index.php\/wp-json\/wp\/v2\/types\/page"}],"author":[{"embeddable":true,"href":"https:\/\/monpazier.adoreed.fr\/index.php\/wp-json\/wp\/v2\/users\/1"}],"replies":[{"embeddable":true,"href":"https:\/\/monpazier.adoreed.fr\/index.php\/wp-json\/wp\/v2\/comments?post=244"}],"version-history":[{"count":37,"href":"https:\/\/monpazier.adoreed.fr\/index.php\/wp-json\/wp\/v2\/pages\/244\/revisions"}],"predecessor-version":[{"id":957,"href":"https:\/\/monpazier.adoreed.fr\/index.php\/wp-json\/wp\/v2\/pages\/244\/revisions\/957"}],"wp:featuredmedia":[{"embeddable":true,"href":"https:\/\/monpazier.adoreed.fr\/index.php\/wp-json\/wp\/v2\/media\/171"}],"wp:attachment":[{"href":"https:\/\/monpazier.adoreed.fr\/index.php\/wp-json\/wp\/v2\/media?parent=244"}],"curies":[{"name":"wp","href":"https:\/\/api.w.org\/{rel}","templated":true}]}}