{"id":191,"date":"2019-07-09T01:56:03","date_gmt":"2019-07-08T23:56:03","guid":{"rendered":"http:\/\/monpazier.adoreed.fr\/?page_id=191"},"modified":"2019-08-16T20:15:43","modified_gmt":"2019-08-16T18:15:43","slug":"restauration-et-abreuvoir","status":"publish","type":"page","link":"https:\/\/monpazier.adoreed.fr\/index.php\/restauration-et-abreuvoir\/","title":{"rendered":"Restauration et abreuvoir"},"content":{"rendered":"\t\t<div data-elementor-type=\"wp-post\" data-elementor-id=\"191\" class=\"elementor elementor-191\">\n\t\t\t\t\t\t<section class=\"elementor-section elementor-top-section elementor-element elementor-element-f89085e elementor-section-boxed elementor-section-height-default elementor-section-height-default\" data-id=\"f89085e\" data-element_type=\"section\" data-e-type=\"section\">\n\t\t\t\t\t\t<div class=\"elementor-container elementor-column-gap-default\">\n\t\t\t\t\t<div class=\"elementor-column elementor-col-100 elementor-top-column elementor-element elementor-element-42b897d\" data-id=\"42b897d\" data-element_type=\"column\" data-e-type=\"column\">\n\t\t\t<div class=\"elementor-widget-wrap elementor-element-populated\">\n\t\t\t\t\t\t<div class=\"elementor-element elementor-element-56039a5 elementor-widget elementor-widget-text-editor\" data-id=\"56039a5\" data-element_type=\"widget\" data-e-type=\"widget\" data-widget_type=\"text-editor.default\">\n\t\t\t\t<div class=\"elementor-widget-container\">\n\t\t\t\t\t\t\t\t\t<p>Vous pourrez vous remplir la panse sur le site (du matin jusqu\u2019au soir en service continu), \u00a0gr\u00e2ce \u00e0 Riton et son \u00e9quipe de joyeux marmitons qui vous ferons d\u00e9couvrir (pour une somme modique) les sp\u00e9cialit\u00e9s culinaires de notre r\u00e9gion (foie gras po\u00eal\u00e9, omelette aux truffes, aiguillettes de canard, pommes de terres sarladaises avec des c\u00e8pes bien entendu sinon elles n&rsquo;auraient rien de sarladaises, homards fa\u00e7on De Rugy, etc \u2026 selon arrivage). Et pour les cavaliers press\u00e9s, ils pourront m\u00eame confectionner (si, si) des sandwichs (la preuve en image ci-dessous).<\/p><p><img fetchpriority=\"high\" decoding=\"async\" class=\"alignnone size-medium wp-image-196 alignleft\" src=\"https:\/\/monpazier.adoreed.fr\/wp-content\/uploads\/2019\/07\/cuisine-300x199.jpg\" alt=\"\" width=\"300\" height=\"199\" srcset=\"https:\/\/monpazier.adoreed.fr\/wp-content\/uploads\/2019\/07\/cuisine-300x199.jpg 300w, https:\/\/monpazier.adoreed.fr\/wp-content\/uploads\/2019\/07\/cuisine-768x510.jpg 768w, https:\/\/monpazier.adoreed.fr\/wp-content\/uploads\/2019\/07\/cuisine.jpg 1000w\" sizes=\"(max-width: 300px) 100vw, 300px\" \/><\/p><p>\u00c9galement sur le site, tout \u00e0 c\u00f4t\u00e9 de la restauration, une accueillante buvette vous permettra d\u2019\u00e9tancher votre soif.<\/p><p><img decoding=\"async\" class=\"alignnone wp-image-197 size-medium\" src=\"https:\/\/monpazier.adoreed.fr\/wp-content\/uploads\/2019\/07\/buvette-300x199.jpg\" alt=\"\" width=\"300\" height=\"199\" srcset=\"https:\/\/monpazier.adoreed.fr\/wp-content\/uploads\/2019\/07\/buvette-300x199.jpg 300w, https:\/\/monpazier.adoreed.fr\/wp-content\/uploads\/2019\/07\/buvette-768x510.jpg 768w, https:\/\/monpazier.adoreed.fr\/wp-content\/uploads\/2019\/07\/buvette.jpg 1000w\" sizes=\"(max-width: 300px) 100vw, 300px\" \/><\/p>\t\t\t\t\t\t\t\t<\/div>\n\t\t\t\t<\/div>\n\t\t\t\t\t<\/div>\n\t\t<\/div>\n\t\t\t\t\t<\/div>\n\t\t<\/section>\n\t\t\t\t<\/div>\n\t\t","protected":false},"excerpt":{"rendered":"<p>Vous pourrez vous remplir la panse sur le site (du matin jusqu\u2019au soir en service continu), \u00a0gr\u00e2ce \u00e0 Riton et son \u00e9quipe de joyeux marmitons qui vous ferons d\u00e9couvrir (pour une somme modique) les sp\u00e9cialit\u00e9s culinaires de notre r\u00e9gion (foie gras po\u00eal\u00e9, omelette aux truffes, aiguillettes de canard, pommes de terres sarladaises avec des c\u00e8pes&hellip; <br \/> <a class=\"read-more\" href=\"https:\/\/monpazier.adoreed.fr\/index.php\/restauration-et-abreuvoir\/\">Lire la suite<\/a><\/p>\n","protected":false},"author":1,"featured_media":173,"parent":0,"menu_order":0,"comment_status":"closed","ping_status":"closed","template":"","meta":{"footnotes":""},"class_list":["post-191","page","type-page","status-publish","has-post-thumbnail","hentry"],"yoast_head":"<!-- This site is optimized with the Yoast SEO plugin v27.3 - https:\/\/yoast.com\/product\/yoast-seo-wordpress\/ -->\n<title>Restauration et abreuvoir - ENDURANCE EQUESTRE MONPAZIER<\/title>\n<meta name=\"robots\" content=\"index, follow, max-snippet:-1, max-image-preview:large, max-video-preview:-1\" \/>\n<link rel=\"canonical\" href=\"https:\/\/monpazier.adoreed.fr\/index.php\/restauration-et-abreuvoir\/\" \/>\n<meta property=\"og:locale\" content=\"fr_FR\" \/>\n<meta property=\"og:type\" content=\"article\" \/>\n<meta property=\"og:title\" content=\"Restauration et abreuvoir - ENDURANCE EQUESTRE MONPAZIER\" \/>\n<meta property=\"og:description\" content=\"Vous pourrez vous remplir la panse sur le site (du matin jusqu\u2019au soir en service continu), \u00a0gr\u00e2ce \u00e0 Riton et son \u00e9quipe de joyeux marmitons qui vous ferons d\u00e9couvrir (pour une somme modique) les sp\u00e9cialit\u00e9s culinaires de notre r\u00e9gion (foie gras po\u00eal\u00e9, omelette aux truffes, aiguillettes de canard, pommes de terres sarladaises avec des c\u00e8pes&hellip; Lire la suite\" \/>\n<meta property=\"og:url\" content=\"https:\/\/monpazier.adoreed.fr\/index.php\/restauration-et-abreuvoir\/\" \/>\n<meta property=\"og:site_name\" content=\"ENDURANCE EQUESTRE MONPAZIER\" \/>\n<meta property=\"article:modified_time\" content=\"2019-08-16T18:15:43+00:00\" \/>\n<meta property=\"og:image\" content=\"https:\/\/monpazier.adoreed.fr\/wp-content\/uploads\/2019\/07\/2X70-MONPAZIER-jour-1-227-copie-1024x680.jpg\" \/>\n\t<meta property=\"og:image:width\" content=\"1024\" \/>\n\t<meta property=\"og:image:height\" content=\"680\" \/>\n\t<meta property=\"og:image:type\" content=\"image\/jpeg\" \/>\n<meta name=\"twitter:card\" content=\"summary_large_image\" \/>\n<meta name=\"twitter:label1\" content=\"Dur\u00e9e de lecture estim\u00e9e\" \/>\n\t<meta name=\"twitter:data1\" content=\"1 minute\" \/>\n<script type=\"application\/ld+json\" class=\"yoast-schema-graph\">{\"@context\":\"https:\\\/\\\/schema.org\",\"@graph\":[{\"@type\":\"WebPage\",\"@id\":\"https:\\\/\\\/monpazier.adoreed.fr\\\/index.php\\\/restauration-et-abreuvoir\\\/\",\"url\":\"https:\\\/\\\/monpazier.adoreed.fr\\\/index.php\\\/restauration-et-abreuvoir\\\/\",\"name\":\"Restauration et abreuvoir - ENDURANCE EQUESTRE MONPAZIER\",\"isPartOf\":{\"@id\":\"https:\\\/\\\/monpazier.adoreed.fr\\\/#website\"},\"primaryImageOfPage\":{\"@id\":\"https:\\\/\\\/monpazier.adoreed.fr\\\/index.php\\\/restauration-et-abreuvoir\\\/#primaryimage\"},\"image\":{\"@id\":\"https:\\\/\\\/monpazier.adoreed.fr\\\/index.php\\\/restauration-et-abreuvoir\\\/#primaryimage\"},\"thumbnailUrl\":\"https:\\\/\\\/monpazier.adoreed.fr\\\/wp-content\\\/uploads\\\/2019\\\/07\\\/2X70-MONPAZIER-jour-1-227-copie.jpg\",\"datePublished\":\"2019-07-08T23:56:03+00:00\",\"dateModified\":\"2019-08-16T18:15:43+00:00\",\"breadcrumb\":{\"@id\":\"https:\\\/\\\/monpazier.adoreed.fr\\\/index.php\\\/restauration-et-abreuvoir\\\/#breadcrumb\"},\"inLanguage\":\"fr-FR\",\"potentialAction\":[{\"@type\":\"ReadAction\",\"target\":[\"https:\\\/\\\/monpazier.adoreed.fr\\\/index.php\\\/restauration-et-abreuvoir\\\/\"]}]},{\"@type\":\"ImageObject\",\"inLanguage\":\"fr-FR\",\"@id\":\"https:\\\/\\\/monpazier.adoreed.fr\\\/index.php\\\/restauration-et-abreuvoir\\\/#primaryimage\",\"url\":\"https:\\\/\\\/monpazier.adoreed.fr\\\/wp-content\\\/uploads\\\/2019\\\/07\\\/2X70-MONPAZIER-jour-1-227-copie.jpg\",\"contentUrl\":\"https:\\\/\\\/monpazier.adoreed.fr\\\/wp-content\\\/uploads\\\/2019\\\/07\\\/2X70-MONPAZIER-jour-1-227-copie.jpg\",\"width\":2000,\"height\":1328},{\"@type\":\"BreadcrumbList\",\"@id\":\"https:\\\/\\\/monpazier.adoreed.fr\\\/index.php\\\/restauration-et-abreuvoir\\\/#breadcrumb\",\"itemListElement\":[{\"@type\":\"ListItem\",\"position\":1,\"name\":\"Accueil\",\"item\":\"https:\\\/\\\/monpazier.adoreed.fr\\\/\"},{\"@type\":\"ListItem\",\"position\":2,\"name\":\"Restauration et abreuvoir\"}]},{\"@type\":\"WebSite\",\"@id\":\"https:\\\/\\\/monpazier.adoreed.fr\\\/#website\",\"url\":\"https:\\\/\\\/monpazier.adoreed.fr\\\/\",\"name\":\"ENDURANCE EQUESTRE MONPAZIER\",\"description\":\"\",\"potentialAction\":[{\"@type\":\"SearchAction\",\"target\":{\"@type\":\"EntryPoint\",\"urlTemplate\":\"https:\\\/\\\/monpazier.adoreed.fr\\\/?s={search_term_string}\"},\"query-input\":{\"@type\":\"PropertyValueSpecification\",\"valueRequired\":true,\"valueName\":\"search_term_string\"}}],\"inLanguage\":\"fr-FR\"}]}<\/script>\n<!-- \/ Yoast SEO plugin. -->","yoast_head_json":{"title":"Restauration et abreuvoir - ENDURANCE EQUESTRE MONPAZIER","robots":{"index":"index","follow":"follow","max-snippet":"max-snippet:-1","max-image-preview":"max-image-preview:large","max-video-preview":"max-video-preview:-1"},"canonical":"https:\/\/monpazier.adoreed.fr\/index.php\/restauration-et-abreuvoir\/","og_locale":"fr_FR","og_type":"article","og_title":"Restauration et abreuvoir - ENDURANCE EQUESTRE MONPAZIER","og_description":"Vous pourrez vous remplir la panse sur le site (du matin jusqu\u2019au soir en service continu), \u00a0gr\u00e2ce \u00e0 Riton et son \u00e9quipe de joyeux marmitons qui vous ferons d\u00e9couvrir (pour une somme modique) les sp\u00e9cialit\u00e9s culinaires de notre r\u00e9gion (foie gras po\u00eal\u00e9, omelette aux truffes, aiguillettes de canard, pommes de terres sarladaises avec des c\u00e8pes&hellip; Lire la suite","og_url":"https:\/\/monpazier.adoreed.fr\/index.php\/restauration-et-abreuvoir\/","og_site_name":"ENDURANCE EQUESTRE MONPAZIER","article_modified_time":"2019-08-16T18:15:43+00:00","og_image":[{"width":1024,"height":680,"url":"https:\/\/monpazier.adoreed.fr\/wp-content\/uploads\/2019\/07\/2X70-MONPAZIER-jour-1-227-copie-1024x680.jpg","type":"image\/jpeg"}],"twitter_card":"summary_large_image","twitter_misc":{"Dur\u00e9e de lecture estim\u00e9e":"1 minute"},"schema":{"@context":"https:\/\/schema.org","@graph":[{"@type":"WebPage","@id":"https:\/\/monpazier.adoreed.fr\/index.php\/restauration-et-abreuvoir\/","url":"https:\/\/monpazier.adoreed.fr\/index.php\/restauration-et-abreuvoir\/","name":"Restauration et abreuvoir - ENDURANCE EQUESTRE MONPAZIER","isPartOf":{"@id":"https:\/\/monpazier.adoreed.fr\/#website"},"primaryImageOfPage":{"@id":"https:\/\/monpazier.adoreed.fr\/index.php\/restauration-et-abreuvoir\/#primaryimage"},"image":{"@id":"https:\/\/monpazier.adoreed.fr\/index.php\/restauration-et-abreuvoir\/#primaryimage"},"thumbnailUrl":"https:\/\/monpazier.adoreed.fr\/wp-content\/uploads\/2019\/07\/2X70-MONPAZIER-jour-1-227-copie.jpg","datePublished":"2019-07-08T23:56:03+00:00","dateModified":"2019-08-16T18:15:43+00:00","breadcrumb":{"@id":"https:\/\/monpazier.adoreed.fr\/index.php\/restauration-et-abreuvoir\/#breadcrumb"},"inLanguage":"fr-FR","potentialAction":[{"@type":"ReadAction","target":["https:\/\/monpazier.adoreed.fr\/index.php\/restauration-et-abreuvoir\/"]}]},{"@type":"ImageObject","inLanguage":"fr-FR","@id":"https:\/\/monpazier.adoreed.fr\/index.php\/restauration-et-abreuvoir\/#primaryimage","url":"https:\/\/monpazier.adoreed.fr\/wp-content\/uploads\/2019\/07\/2X70-MONPAZIER-jour-1-227-copie.jpg","contentUrl":"https:\/\/monpazier.adoreed.fr\/wp-content\/uploads\/2019\/07\/2X70-MONPAZIER-jour-1-227-copie.jpg","width":2000,"height":1328},{"@type":"BreadcrumbList","@id":"https:\/\/monpazier.adoreed.fr\/index.php\/restauration-et-abreuvoir\/#breadcrumb","itemListElement":[{"@type":"ListItem","position":1,"name":"Accueil","item":"https:\/\/monpazier.adoreed.fr\/"},{"@type":"ListItem","position":2,"name":"Restauration et abreuvoir"}]},{"@type":"WebSite","@id":"https:\/\/monpazier.adoreed.fr\/#website","url":"https:\/\/monpazier.adoreed.fr\/","name":"ENDURANCE EQUESTRE MONPAZIER","description":"","potentialAction":[{"@type":"SearchAction","target":{"@type":"EntryPoint","urlTemplate":"https:\/\/monpazier.adoreed.fr\/?s={search_term_string}"},"query-input":{"@type":"PropertyValueSpecification","valueRequired":true,"valueName":"search_term_string"}}],"inLanguage":"fr-FR"}]}},"_links":{"self":[{"href":"https:\/\/monpazier.adoreed.fr\/index.php\/wp-json\/wp\/v2\/pages\/191","targetHints":{"allow":["GET"]}}],"collection":[{"href":"https:\/\/monpazier.adoreed.fr\/index.php\/wp-json\/wp\/v2\/pages"}],"about":[{"href":"https:\/\/monpazier.adoreed.fr\/index.php\/wp-json\/wp\/v2\/types\/page"}],"author":[{"embeddable":true,"href":"https:\/\/monpazier.adoreed.fr\/index.php\/wp-json\/wp\/v2\/users\/1"}],"replies":[{"embeddable":true,"href":"https:\/\/monpazier.adoreed.fr\/index.php\/wp-json\/wp\/v2\/comments?post=191"}],"version-history":[{"count":7,"href":"https:\/\/monpazier.adoreed.fr\/index.php\/wp-json\/wp\/v2\/pages\/191\/revisions"}],"predecessor-version":[{"id":467,"href":"https:\/\/monpazier.adoreed.fr\/index.php\/wp-json\/wp\/v2\/pages\/191\/revisions\/467"}],"wp:featuredmedia":[{"embeddable":true,"href":"https:\/\/monpazier.adoreed.fr\/index.php\/wp-json\/wp\/v2\/media\/173"}],"wp:attachment":[{"href":"https:\/\/monpazier.adoreed.fr\/index.php\/wp-json\/wp\/v2\/media?parent=191"}],"curies":[{"name":"wp","href":"https:\/\/api.w.org\/{rel}","templated":true}]}}