{"id":118,"date":"2019-07-08T17:01:30","date_gmt":"2019-07-08T15:01:30","guid":{"rendered":"http:\/\/monpazier.adoreed.fr\/?page_id=118"},"modified":"2024-06-18T19:40:03","modified_gmt":"2024-06-18T17:40:03","slug":"programme","status":"publish","type":"page","link":"https:\/\/monpazier.adoreed.fr\/index.php\/programme\/","title":{"rendered":"Programme"},"content":{"rendered":"\t\t<div data-elementor-type=\"wp-post\" data-elementor-id=\"118\" class=\"elementor elementor-118\">\n\t\t\t\t\t\t<section class=\"elementor-section elementor-top-section elementor-element elementor-element-d77da07 elementor-section-boxed elementor-section-height-default elementor-section-height-default\" data-id=\"d77da07\" data-element_type=\"section\" data-e-type=\"section\">\n\t\t\t\t\t\t<div class=\"elementor-container elementor-column-gap-default\">\n\t\t\t\t\t<div class=\"elementor-column elementor-col-100 elementor-top-column elementor-element elementor-element-68c6b27\" data-id=\"68c6b27\" data-element_type=\"column\" data-e-type=\"column\">\n\t\t\t<div class=\"elementor-widget-wrap elementor-element-populated\">\n\t\t\t\t\t\t<div class=\"elementor-element elementor-element-6566110 elementor-widget elementor-widget-text-editor\" data-id=\"6566110\" data-element_type=\"widget\" data-e-type=\"widget\" data-widget_type=\"text-editor.default\">\n\t\t\t\t<div class=\"elementor-widget-container\">\n\t\t\t\t\t\t\t\t\t<hr>\n<p><em>Attention, ces horaires sont purement indicatifs, les organisateurs se r\u00e9servent le droit de modifier ce programme en fonction du d\u00e9roulement du concours.<\/em><\/p><p><em>Please note, these times are purely indicative, the organizers reserve the right to modify this program depending on the progress of the competition<br><\/em><\/p>\n<hr>\t\t\t\t\t\t\t\t<\/div>\n\t\t\t\t<\/div>\n\t\t\t\t\t<\/div>\n\t\t<\/div>\n\t\t\t\t\t<\/div>\n\t\t<\/section>\n\t\t\t\t<section class=\"elementor-section elementor-top-section elementor-element elementor-element-e255702 elementor-section-boxed elementor-section-height-default elementor-section-height-default\" data-id=\"e255702\" data-element_type=\"section\" data-e-type=\"section\">\n\t\t\t\t\t\t<div class=\"elementor-container elementor-column-gap-default\">\n\t\t\t\t\t<div class=\"elementor-column elementor-col-100 elementor-top-column elementor-element elementor-element-4d702de\" data-id=\"4d702de\" data-element_type=\"column\" data-e-type=\"column\">\n\t\t\t<div class=\"elementor-widget-wrap elementor-element-populated\">\n\t\t\t\t\t\t<div class=\"elementor-element elementor-element-1a35511 elementor-widget elementor-widget-shortcode\" data-id=\"1a35511\" data-element_type=\"widget\" data-e-type=\"widget\" data-widget_type=\"shortcode.default\">\n\t\t\t\t<div class=\"elementor-widget-container\">\n\t\t\t\t\t\t\t<div class=\"elementor-shortcode\">\n<table id=\"tablepress-16\" class=\"tablepress tablepress-id-16 tbody-has-connected-cells\">\n<tbody class=\"row-hover\">\n<tr class=\"row-1\">\n\t<td colspan=\"2\" class=\"column-1\"><em>Jeudi 28 \/ Thursday 28<\/em><\/td>\n<\/tr>\n<tr class=\"row-2\">\n\t<td class=\"column-1\">A partir de 9h00 \/ From 9:00 am<\/td><td class=\"column-2\">Ouverture du site, accueil des concurrents \/ horses and teams arrival<\/td>\n<\/tr>\n<tr class=\"row-3\">\n\t<td class=\"column-1\"><\/td><td class=\"column-2\">Ouverture de la restauration \/ opening of the restaurant<\/td>\n<\/tr>\n<tr class=\"row-4\">\n\t<td class=\"column-1\">16h00 - 18h00 \/ 4:00 - 6:00 pm<\/td><td class=\"column-2\">Contr\u00f4les v\u00e9t\u00e9rinaires initiaux et pes\u00e9es pour les \u00e9preuves du lendemain \/ Pre-ride inspection and weighing for tomorrow races<\/td>\n<\/tr>\n<tr class=\"row-5\">\n\t<td colspan=\"2\" class=\"column-1\"><em>Vendredi 29 \/ Friday 29<\/em><\/td>\n<\/tr>\n<tr class=\"row-6\">\n\t<td class=\"column-1\">05:30 \/ 5:30 am<\/td><td class=\"column-2\">D\u00e9part de nuit des \u00e9preuves 160km CEI\/CEN *** \/ Night start of the 160km CEI\/CEN events ***<\/td>\n<\/tr>\n<tr class=\"row-7\">\n\t<td class=\"column-1\">09:00 \/ 9:00 am<\/td><td class=\"column-2\">D\u00e9part des \u00e9preuves CEI\/CEN ** 2x70 \/ Start of the 2x70 CEI\/CEN ** events<\/td>\n<\/tr>\n<tr class=\"row-8\">\n\t<td class=\"column-1\">\u00e0 partir de 17:00 \/ From 5:00 pm<\/td><td class=\"column-2\">Contr\u00f4les v\u00e9t\u00e9rinaires initiaux et pes\u00e9es pour les \u00e9preuves du lendemain \/ Pre-ride inspection and weighing for tomorrow races<\/td>\n<\/tr>\n<tr class=\"row-9\">\n\t<td class=\"column-1\">19:00 \/ 7:00 pm<\/td><td class=\"column-2\">Podium et remise des prix des \u00e9preuves 160 \/ Podium and prize giving for the day's events<\/td>\n<\/tr>\n<tr class=\"row-10\">\n\t<td colspan=\"2\" class=\"column-1\"><em>Samedi 30\/ Saturday 30<\/em><\/td>\n<\/tr>\n<tr class=\"row-11\">\n\t<td class=\"column-1\">08h00 \/ 8:00 am<\/td><td class=\"column-2\">D\u00e9part des \u00e9preuves 100km CEI\/CEN * \/ Start of the 100km CEI\/CEN events *<\/td>\n<\/tr>\n<tr class=\"row-12\">\n\t<td class=\"column-1\">08:15<\/td><td class=\"column-2\">D\u00e9part de l'\u00e9preuve Amateur 1<\/td>\n<\/tr>\n<tr class=\"row-13\">\n\t<td class=\"column-1\">A partir de 09:00 \/ From 9:00 am<\/td><td class=\"column-2\">Red\u00e9part des \u00e9preuves CEI\/CEN ** 2x70 \/ Restart of the 2x70 CEI\/CEN ** events<\/td>\n<\/tr>\n<tr class=\"row-14\">\n\t<td class=\"column-1\">A partir de 17:00 \/ From 5:00 pm<\/td><td class=\"column-2\">Contr\u00f4les v\u00e9t\u00e9rinaires initiaux et pes\u00e9es pour les \u00e9preuves du lendemain \/ Pre-ride inspection and weighing for tomorrow races<\/td>\n<\/tr>\n<tr class=\"row-15\">\n\t<td class=\"column-1\">19:00 \/ 7:00 pm<\/td><td class=\"column-2\">Podium et remise des prix des \u00e9preuves du jour \/ Podium and prize giving for the day's events<\/td>\n<\/tr>\n<tr class=\"row-16\">\n\t<td colspan=\"2\" class=\"column-1\"><em>Dimanche 31 \/ Sunday 31<\/em><\/td>\n<\/tr>\n<tr class=\"row-17\">\n\t<td class=\"column-1\">06h30 \/ 6:30 am<\/td><td class=\"column-2\">D\u00e9part des \u00e9preuves 120km CEIYJ ** \/ Start of the 120km CEIYJ **<\/td>\n<\/tr>\n<tr class=\"row-18\">\n\t<td class=\"column-1\">07h00 \/ 7:00 am<\/td><td class=\"column-2\">D\u00e9part des \u00e9preuves 120km CEI\/CEN ** \/ Start of the 120km CEI\/CEN events **<\/td>\n<\/tr>\n<tr class=\"row-19\">\n\t<td class=\"column-1\">18h00 \/ 6:00 pm<\/td><td class=\"column-2\">Podium et remise des prix des \u00e9preuves du jour \/ Podium and prize giving for the day's events<\/td>\n<\/tr>\n<\/tbody>\n<\/table>\n<\/div>\n\t\t\t\t\t\t<\/div>\n\t\t\t\t<\/div>\n\t\t\t\t<div class=\"elementor-element elementor-element-801e679 elementor-widget elementor-widget-heading\" data-id=\"801e679\" data-element_type=\"widget\" data-e-type=\"widget\" data-widget_type=\"heading.default\">\n\t\t\t\t<div class=\"elementor-widget-container\">\n\t\t\t\t\t<h4 class=\"elementor-heading-title elementor-size-default\">Pes\u00e9e \/ Weighing<\/h4>\t\t\t\t<\/div>\n\t\t\t\t<\/div>\n\t\t\t\t\t<\/div>\n\t\t<\/div>\n\t\t\t\t\t<\/div>\n\t\t<\/section>\n\t\t\t\t<section class=\"elementor-section elementor-top-section elementor-element elementor-element-40d3463 elementor-section-boxed elementor-section-height-default elementor-section-height-default\" data-id=\"40d3463\" data-element_type=\"section\" data-e-type=\"section\">\n\t\t\t\t\t\t<div class=\"elementor-container elementor-column-gap-default\">\n\t\t\t\t\t<div class=\"elementor-column elementor-col-100 elementor-top-column elementor-element elementor-element-75c76fc\" data-id=\"75c76fc\" data-element_type=\"column\" data-e-type=\"column\">\n\t\t\t<div class=\"elementor-widget-wrap elementor-element-populated\">\n\t\t\t\t\t\t<div class=\"elementor-element elementor-element-15ec9fc elementor-widget elementor-widget-shortcode\" data-id=\"15ec9fc\" data-element_type=\"widget\" data-e-type=\"widget\" data-widget_type=\"shortcode.default\">\n\t\t\t\t<div class=\"elementor-widget-container\">\n\t\t\t\t\t\t\t<div class=\"elementor-shortcode\">\n<table id=\"tablepress-17\" class=\"tablepress tablepress-id-17\">\n<thead>\n<tr class=\"row-1\">\n\t<th class=\"column-1\">\u00c9preuves \/ Events<\/th><th class=\"column-2\">Poids \/ Weigh<\/th>\n<\/tr>\n<\/thead>\n<tbody class=\"row-striping row-hover\">\n<tr class=\"row-2\">\n\t<td class=\"column-1\">Amateur 1 Grand Prix, Amateur 1<\/td><td class=\"column-2\">Libre<\/td>\n<\/tr>\n<tr class=\"row-3\">\n\t<td class=\"column-1\">CEIYJ (Young Rider\/Junior - jeunes cavaliers)<\/td><td class=\"column-2\">60 kg<\/td>\n<\/tr>\n<tr class=\"row-4\">\n\t<td class=\"column-1\">CEI 1* et 2*, CEIYH 1* TOP7, Amateur Elite<\/td><td class=\"column-2\">70 kg<\/td>\n<\/tr>\n<tr class=\"row-5\">\n\t<td class=\"column-1\">CEI 3*, Amateur Elite Grand Prix<\/td><td class=\"column-2\">75 kg<\/td>\n<\/tr>\n<\/tbody>\n<\/table>\n\n<\/div>\n\t\t\t\t\t\t<\/div>\n\t\t\t\t<\/div>\n\t\t\t\t\t<\/div>\n\t\t<\/div>\n\t\t\t\t\t<\/div>\n\t\t<\/section>\n\t\t\t\t<\/div>\n\t\t","protected":false},"excerpt":{"rendered":"<p>Attention, ces horaires sont purement indicatifs, les organisateurs se r\u00e9servent le droit de modifier ce programme en fonction du d\u00e9roulement du concours. Please note, these times are purely indicative, the organizers reserve the right to modify this program depending on the progress of the competition Pes\u00e9e \/ Weighing<\/p>\n","protected":false},"author":1,"featured_media":171,"parent":0,"menu_order":0,"comment_status":"closed","ping_status":"closed","template":"","meta":{"footnotes":""},"class_list":["post-118","page","type-page","status-publish","has-post-thumbnail","hentry"],"yoast_head":"<!-- This site is optimized with the Yoast SEO plugin v27.4 - https:\/\/yoast.com\/product\/yoast-seo-wordpress\/ -->\n<title>Programme - ENDURANCE EQUESTRE MONPAZIER<\/title>\n<meta name=\"robots\" content=\"index, follow, max-snippet:-1, max-image-preview:large, max-video-preview:-1\" \/>\n<link rel=\"canonical\" href=\"https:\/\/monpazier.adoreed.fr\/index.php\/programme\/\" \/>\n<meta property=\"og:locale\" content=\"fr_FR\" \/>\n<meta property=\"og:type\" content=\"article\" \/>\n<meta property=\"og:title\" content=\"Programme - ENDURANCE EQUESTRE MONPAZIER\" \/>\n<meta property=\"og:description\" content=\"Attention, ces horaires sont purement indicatifs, les organisateurs se r\u00e9servent le droit de modifier ce programme en fonction du d\u00e9roulement du concours. Please note, these times are purely indicative, the organizers reserve the right to modify this program depending on the progress of the competition Pes\u00e9e \/ Weighing\" \/>\n<meta property=\"og:url\" content=\"https:\/\/monpazier.adoreed.fr\/index.php\/programme\/\" \/>\n<meta property=\"og:site_name\" content=\"ENDURANCE EQUESTRE MONPAZIER\" \/>\n<meta property=\"article:modified_time\" content=\"2024-06-18T17:40:03+00:00\" \/>\n<meta property=\"og:image\" content=\"https:\/\/monpazier.adoreed.fr\/wp-content\/uploads\/2019\/07\/2-x-70km-monpazier-2012-021-e1562840893800.jpg\" \/>\n\t<meta property=\"og:image:width\" content=\"800\" \/>\n\t<meta property=\"og:image:height\" content=\"354\" \/>\n\t<meta property=\"og:image:type\" content=\"image\/jpeg\" \/>\n<meta name=\"twitter:card\" content=\"summary_large_image\" \/>\n<meta name=\"twitter:label1\" content=\"Dur\u00e9e de lecture estim\u00e9e\" \/>\n\t<meta name=\"twitter:data1\" content=\"1 minute\" \/>\n<script type=\"application\/ld+json\" class=\"yoast-schema-graph\">{\"@context\":\"https:\\\/\\\/schema.org\",\"@graph\":[{\"@type\":\"WebPage\",\"@id\":\"https:\\\/\\\/monpazier.adoreed.fr\\\/index.php\\\/programme\\\/\",\"url\":\"https:\\\/\\\/monpazier.adoreed.fr\\\/index.php\\\/programme\\\/\",\"name\":\"Programme - ENDURANCE EQUESTRE MONPAZIER\",\"isPartOf\":{\"@id\":\"https:\\\/\\\/monpazier.adoreed.fr\\\/#website\"},\"primaryImageOfPage\":{\"@id\":\"https:\\\/\\\/monpazier.adoreed.fr\\\/index.php\\\/programme\\\/#primaryimage\"},\"image\":{\"@id\":\"https:\\\/\\\/monpazier.adoreed.fr\\\/index.php\\\/programme\\\/#primaryimage\"},\"thumbnailUrl\":\"https:\\\/\\\/monpazier.adoreed.fr\\\/wp-content\\\/uploads\\\/2019\\\/07\\\/2-x-70km-monpazier-2012-021-e1562840893800.jpg\",\"datePublished\":\"2019-07-08T15:01:30+00:00\",\"dateModified\":\"2024-06-18T17:40:03+00:00\",\"breadcrumb\":{\"@id\":\"https:\\\/\\\/monpazier.adoreed.fr\\\/index.php\\\/programme\\\/#breadcrumb\"},\"inLanguage\":\"fr-FR\",\"potentialAction\":[{\"@type\":\"ReadAction\",\"target\":[\"https:\\\/\\\/monpazier.adoreed.fr\\\/index.php\\\/programme\\\/\"]}]},{\"@type\":\"ImageObject\",\"inLanguage\":\"fr-FR\",\"@id\":\"https:\\\/\\\/monpazier.adoreed.fr\\\/index.php\\\/programme\\\/#primaryimage\",\"url\":\"https:\\\/\\\/monpazier.adoreed.fr\\\/wp-content\\\/uploads\\\/2019\\\/07\\\/2-x-70km-monpazier-2012-021-e1562840893800.jpg\",\"contentUrl\":\"https:\\\/\\\/monpazier.adoreed.fr\\\/wp-content\\\/uploads\\\/2019\\\/07\\\/2-x-70km-monpazier-2012-021-e1562840893800.jpg\",\"width\":800,\"height\":354},{\"@type\":\"BreadcrumbList\",\"@id\":\"https:\\\/\\\/monpazier.adoreed.fr\\\/index.php\\\/programme\\\/#breadcrumb\",\"itemListElement\":[{\"@type\":\"ListItem\",\"position\":1,\"name\":\"Accueil\",\"item\":\"https:\\\/\\\/monpazier.adoreed.fr\\\/\"},{\"@type\":\"ListItem\",\"position\":2,\"name\":\"Programme\"}]},{\"@type\":\"WebSite\",\"@id\":\"https:\\\/\\\/monpazier.adoreed.fr\\\/#website\",\"url\":\"https:\\\/\\\/monpazier.adoreed.fr\\\/\",\"name\":\"ENDURANCE EQUESTRE MONPAZIER\",\"description\":\"\",\"potentialAction\":[{\"@type\":\"SearchAction\",\"target\":{\"@type\":\"EntryPoint\",\"urlTemplate\":\"https:\\\/\\\/monpazier.adoreed.fr\\\/?s={search_term_string}\"},\"query-input\":{\"@type\":\"PropertyValueSpecification\",\"valueRequired\":true,\"valueName\":\"search_term_string\"}}],\"inLanguage\":\"fr-FR\"}]}<\/script>\n<!-- \/ Yoast SEO plugin. -->","yoast_head_json":{"title":"Programme - ENDURANCE EQUESTRE MONPAZIER","robots":{"index":"index","follow":"follow","max-snippet":"max-snippet:-1","max-image-preview":"max-image-preview:large","max-video-preview":"max-video-preview:-1"},"canonical":"https:\/\/monpazier.adoreed.fr\/index.php\/programme\/","og_locale":"fr_FR","og_type":"article","og_title":"Programme - ENDURANCE EQUESTRE MONPAZIER","og_description":"Attention, ces horaires sont purement indicatifs, les organisateurs se r\u00e9servent le droit de modifier ce programme en fonction du d\u00e9roulement du concours. Please note, these times are purely indicative, the organizers reserve the right to modify this program depending on the progress of the competition Pes\u00e9e \/ Weighing","og_url":"https:\/\/monpazier.adoreed.fr\/index.php\/programme\/","og_site_name":"ENDURANCE EQUESTRE MONPAZIER","article_modified_time":"2024-06-18T17:40:03+00:00","og_image":[{"width":800,"height":354,"url":"https:\/\/monpazier.adoreed.fr\/wp-content\/uploads\/2019\/07\/2-x-70km-monpazier-2012-021-e1562840893800.jpg","type":"image\/jpeg"}],"twitter_card":"summary_large_image","twitter_misc":{"Dur\u00e9e de lecture estim\u00e9e":"1 minute"},"schema":{"@context":"https:\/\/schema.org","@graph":[{"@type":"WebPage","@id":"https:\/\/monpazier.adoreed.fr\/index.php\/programme\/","url":"https:\/\/monpazier.adoreed.fr\/index.php\/programme\/","name":"Programme - ENDURANCE EQUESTRE MONPAZIER","isPartOf":{"@id":"https:\/\/monpazier.adoreed.fr\/#website"},"primaryImageOfPage":{"@id":"https:\/\/monpazier.adoreed.fr\/index.php\/programme\/#primaryimage"},"image":{"@id":"https:\/\/monpazier.adoreed.fr\/index.php\/programme\/#primaryimage"},"thumbnailUrl":"https:\/\/monpazier.adoreed.fr\/wp-content\/uploads\/2019\/07\/2-x-70km-monpazier-2012-021-e1562840893800.jpg","datePublished":"2019-07-08T15:01:30+00:00","dateModified":"2024-06-18T17:40:03+00:00","breadcrumb":{"@id":"https:\/\/monpazier.adoreed.fr\/index.php\/programme\/#breadcrumb"},"inLanguage":"fr-FR","potentialAction":[{"@type":"ReadAction","target":["https:\/\/monpazier.adoreed.fr\/index.php\/programme\/"]}]},{"@type":"ImageObject","inLanguage":"fr-FR","@id":"https:\/\/monpazier.adoreed.fr\/index.php\/programme\/#primaryimage","url":"https:\/\/monpazier.adoreed.fr\/wp-content\/uploads\/2019\/07\/2-x-70km-monpazier-2012-021-e1562840893800.jpg","contentUrl":"https:\/\/monpazier.adoreed.fr\/wp-content\/uploads\/2019\/07\/2-x-70km-monpazier-2012-021-e1562840893800.jpg","width":800,"height":354},{"@type":"BreadcrumbList","@id":"https:\/\/monpazier.adoreed.fr\/index.php\/programme\/#breadcrumb","itemListElement":[{"@type":"ListItem","position":1,"name":"Accueil","item":"https:\/\/monpazier.adoreed.fr\/"},{"@type":"ListItem","position":2,"name":"Programme"}]},{"@type":"WebSite","@id":"https:\/\/monpazier.adoreed.fr\/#website","url":"https:\/\/monpazier.adoreed.fr\/","name":"ENDURANCE EQUESTRE MONPAZIER","description":"","potentialAction":[{"@type":"SearchAction","target":{"@type":"EntryPoint","urlTemplate":"https:\/\/monpazier.adoreed.fr\/?s={search_term_string}"},"query-input":{"@type":"PropertyValueSpecification","valueRequired":true,"valueName":"search_term_string"}}],"inLanguage":"fr-FR"}]}},"_links":{"self":[{"href":"https:\/\/monpazier.adoreed.fr\/index.php\/wp-json\/wp\/v2\/pages\/118","targetHints":{"allow":["GET"]}}],"collection":[{"href":"https:\/\/monpazier.adoreed.fr\/index.php\/wp-json\/wp\/v2\/pages"}],"about":[{"href":"https:\/\/monpazier.adoreed.fr\/index.php\/wp-json\/wp\/v2\/types\/page"}],"author":[{"embeddable":true,"href":"https:\/\/monpazier.adoreed.fr\/index.php\/wp-json\/wp\/v2\/users\/1"}],"replies":[{"embeddable":true,"href":"https:\/\/monpazier.adoreed.fr\/index.php\/wp-json\/wp\/v2\/comments?post=118"}],"version-history":[{"count":34,"href":"https:\/\/monpazier.adoreed.fr\/index.php\/wp-json\/wp\/v2\/pages\/118\/revisions"}],"predecessor-version":[{"id":864,"href":"https:\/\/monpazier.adoreed.fr\/index.php\/wp-json\/wp\/v2\/pages\/118\/revisions\/864"}],"wp:featuredmedia":[{"embeddable":true,"href":"https:\/\/monpazier.adoreed.fr\/index.php\/wp-json\/wp\/v2\/media\/171"}],"wp:attachment":[{"href":"https:\/\/monpazier.adoreed.fr\/index.php\/wp-json\/wp\/v2\/media?parent=118"}],"curies":[{"name":"wp","href":"https:\/\/api.w.org\/{rel}","templated":true}]}}